{"id":272,"date":"2026-05-13T10:19:51","date_gmt":"2026-05-13T08:19:51","guid":{"rendered":"https:\/\/actionmall.act.at\/shop\/784\/en\/?post_type=product&#038;p=272"},"modified":"2026-05-13T10:27:12","modified_gmt":"2026-05-13T08:27:12","slug":"bio-meal-prep-couscous","status":"publish","type":"product","link":"https:\/\/actionmall.act.at\/shop\/784\/en\/produkt\/bio-meal-prep-couscous\/","title":{"rendered":"Bio Meal &#8211; Prep Couscous"},"content":{"rendered":"<p>Frisch. Bio. S\u00e4ttigend.\u00a0<br data-start=\"26\" data-end=\"29\" \/>Unser Mealprepglas kombiniert knackiges Gem\u00fcse, hochwertige Proteine und eine gesunde Base zu einer schnellen Mahlzeit f\u00fcr Uni, Arbeit oder unterwegs. Regional inspiriert, nachhaltig im Pfandglas und perfekt f\u00fcr alle, die gesund essen wollen \u2013 ohne zu viel zu zahlen.<\/p>\n","protected":false},"excerpt":{"rendered":"<div class=\"relative w-full overflow-visible\">\n<section class=\"text-token-text-primary w-full focus:outline-none [--shadow-height:45px] has-data-writing-block:pointer-events-none has-data-writing-block:-mt-(--shadow-height) has-data-writing-block:pt-(--shadow-height) [&#038;:has([data-writing-block])>*]:pointer-events-auto R6Vx5W_threadScrollVars scroll-mb-[calc(var(&#8211;scroll-root-safe-area-inset-bottom,0px)+var(&#8211;thread-response-height))] scroll-mt-(&#8211;header-height)&#8221; dir=&#8221;auto&#8221; data-turn-id=&#8221;757c577b-52d3-4ab3-b8df-ac52acb72fc8&#8243; data-turn-id-container=&#8221;757c577b-52d3-4ab3-b8df-ac52acb72fc8&#8243; data-testid=&#8221;conversation-turn-15&#8243; data-scroll-anchor=&#8221;false&#8221; data-turn=&#8221;user&#8221;><\/p>\n<div class=\"text-base my-auto mx-auto pt-12 [--thread-content-margin:var(--thread-content-margin-xs,calc(var(--spacing)*4))] @w-sm\/main:[--thread-content-margin:var(--thread-content-margin-sm,calc(var(--spacing)*6))] @w-lg\/main:[--thread-content-margin:var(--thread-content-margin-lg,calc(var(--spacing)*16))] px-(--thread-content-margin)\">\n<div class=\"[--thread-content-max-width:40rem] @w-lg\/main:[--thread-content-max-width:48rem] mx-auto max-w-(--thread-content-max-width) flex-1 group\/turn-messages focus-visible:outline-hidden relative flex w-full min-w-0 flex-col\">\n<div class=\"z-0 flex justify-end\"><\/div>\n<\/div>\n<\/div>\n<\/section>\n<div class=\"contents\"><\/div>\n<\/div>\n<div class=\"relative w-full overflow-visible\">\n<section class=\"text-token-text-primary w-full focus:outline-none [--shadow-height:45px] has-data-writing-block:pointer-events-none has-data-writing-block:-mt-(--shadow-height) has-data-writing-block:pt-(--shadow-height) [&#038;:has([data-writing-block])>*]:pointer-events-auto [content-visibility:auto] supports-[content-visibility:auto]:[contain-intrinsic-size:auto_100lvh] R6Vx5W_threadScrollVars scroll-mb-[calc(var(&#8211;scroll-root-safe-area-inset-bottom,0px)+var(&#8211;thread-response-height))] scroll-mt-[calc(var(&#8211;header-height)+min(200px,max(70px,20svh)))]&#8221; dir=&#8221;auto&#8221; data-turn-id=&#8221;e0cf7f22-7d58-4fb3-8c92-cda92d104c74&#8243; data-turn-id-container=&#8221;e0cf7f22-7d58-4fb3-8c92-cda92d104c74&#8243; data-testid=&#8221;conversation-turn-16&#8243; data-scroll-anchor=&#8221;false&#8221; data-turn=&#8221;assistant&#8221;><\/p>\n<div class=\"text-base my-auto mx-auto [--thread-content-margin:var(--thread-content-margin-xs,calc(var(--spacing)*4))] @w-sm\/main:[--thread-content-margin:var(--thread-content-margin-sm,calc(var(--spacing)*6))] @w-lg\/main:[--thread-content-margin:var(--thread-content-margin-lg,calc(var(--spacing)*16))] px-(--thread-content-margin)\">\n<div class=\"[--thread-content-max-width:40rem] @w-lg\/main:[--thread-content-max-width:48rem] mx-auto max-w-(--thread-content-max-width) flex-1 group\/turn-messages focus-visible:outline-hidden relative flex w-full min-w-0 flex-col agent-turn\">\n<div class=\"flex max-w-full flex-col gap-4 grow\">\n<div class=\"min-h-8 text-message relative flex w-full flex-col items-end gap-2 text-start break-words whitespace-normal outline-none keyboard-focused:focus-ring [.text-message+&#038;]:mt-1\" dir=\"auto\" data-message-author-role=\"assistant\" data-message-id=\"e0cf7f22-7d58-4fb3-8c92-cda92d104c74\" data-message-model-slug=\"gpt-5-5\">\n<div class=\"flex w-full flex-col gap-1 empty:hidden\">\n<div class=\"markdown prose dark:prose-invert wrap-break-word w-full light markdown-new-styling\">\n<p data-start=\"0\" data-end=\"296\" data-is-last-node=\"\" data-is-only-node=\"\">Frisch. Bio. S\u00e4ttigend.\u00a0<br data-start=\"26\" data-end=\"29\" \/>Unser Mealprepglas kombiniert knackiges Gem\u00fcse, hochwertige Proteine und eine gesunde Base zu einer schnellen Mahlzeit f\u00fcr Uni, Arbeit oder unterwegs. Regional inspiriert, nachhaltig im Pfandglas und perfekt f\u00fcr alle, die gesund essen wollen \u2013 ohne zu viel zu zahlen.<\/p>\n<\/div>\n<\/div>\n<\/div>\n<\/div>\n<\/div>\n<\/div>\n<\/section>\n<\/div>\n","protected":false},"featured_media":273,"template":"","meta":[],"product_cat":[44],"product_tag":[],"class_list":{"0":"post-272","1":"product","2":"type-product","3":"status-publish","4":"has-post-thumbnail","6":"product_cat-essen-und-trinken","8":"first","9":"instock","10":"taxable","11":"shipping-taxable","12":"purchasable","13":"product-type-simple"},"_links":{"self":[{"href":"https:\/\/actionmall.act.at\/shop\/784\/en\/wp-json\/wp\/v2\/product\/272"}],"collection":[{"href":"https:\/\/actionmall.act.at\/shop\/784\/en\/wp-json\/wp\/v2\/product"}],"about":[{"href":"https:\/\/actionmall.act.at\/shop\/784\/en\/wp-json\/wp\/v2\/types\/product"}],"wp:featuredmedia":[{"embeddable":true,"href":"https:\/\/actionmall.act.at\/shop\/784\/en\/wp-json\/wp\/v2\/media\/273"}],"wp:attachment":[{"href":"https:\/\/actionmall.act.at\/shop\/784\/en\/wp-json\/wp\/v2\/media?parent=272"}],"wp:term":[{"taxonomy":"product_cat","embeddable":true,"href":"https:\/\/actionmall.act.at\/shop\/784\/en\/wp-json\/wp\/v2\/product_cat?post=272"},{"taxonomy":"product_tag","embeddable":true,"href":"https:\/\/actionmall.act.at\/shop\/784\/en\/wp-json\/wp\/v2\/product_tag?post=272"}],"curies":[{"name":"wp","href":"https:\/\/api.w.org\/{rel}","templated":true}]}}