{"id":263,"date":"2026-05-11T12:06:02","date_gmt":"2026-05-11T10:06:02","guid":{"rendered":"https:\/\/actionmall.act.at\/shop\/858\/?post_type=product&#038;p=263"},"modified":"2026-05-11T12:14:39","modified_gmt":"2026-05-11T10:14:39","slug":"yeah-yeah-yellow-innocent-750ml","status":"publish","type":"product","link":"https:\/\/actionmall.act.at\/shop\/858\/en\/produkt\/yeah-yeah-yellow-innocent-750ml\/","title":{"rendered":"Yeah, Yeah, Yellow Innocent 750ml"},"content":{"rendered":"","protected":false},"excerpt":{"rendered":"<p><strong data-start=\"0\" data-end=\"42\">Yeah, Yeah Yellow Innocent Plus 750 ml<\/strong> ist ein fruchtiger Smoothie-Drink von Innocent\u00a0mit tropischen Fr\u00fcchten, Ingwer und zugesetzten Vitaminen. Der Drink enth\u00e4lt keine zugesetzten Zuckerstoffe, ist vegan und unterst\u00fctzt dank Vitamin D und Eisen das Immunsystem. Frisch, fruchtig und ideal f\u00fcr unterwegs oder als vitaminreicher Start in den Tag.<\/p>\n","protected":false},"featured_media":264,"template":"","meta":[],"product_cat":[44],"product_tag":[],"class_list":{"0":"post-263","1":"product","2":"type-product","3":"status-publish","4":"has-post-thumbnail","6":"product_cat-essen-und-trinken","8":"first","9":"instock","10":"taxable","11":"shipping-taxable","12":"purchasable","13":"product-type-simple"},"_links":{"self":[{"href":"https:\/\/actionmall.act.at\/shop\/858\/en\/wp-json\/wp\/v2\/product\/263"}],"collection":[{"href":"https:\/\/actionmall.act.at\/shop\/858\/en\/wp-json\/wp\/v2\/product"}],"about":[{"href":"https:\/\/actionmall.act.at\/shop\/858\/en\/wp-json\/wp\/v2\/types\/product"}],"wp:featuredmedia":[{"embeddable":true,"href":"https:\/\/actionmall.act.at\/shop\/858\/en\/wp-json\/wp\/v2\/media\/264"}],"wp:attachment":[{"href":"https:\/\/actionmall.act.at\/shop\/858\/en\/wp-json\/wp\/v2\/media?parent=263"}],"wp:term":[{"taxonomy":"product_cat","embeddable":true,"href":"https:\/\/actionmall.act.at\/shop\/858\/en\/wp-json\/wp\/v2\/product_cat?post=263"},{"taxonomy":"product_tag","embeddable":true,"href":"https:\/\/actionmall.act.at\/shop\/858\/en\/wp-json\/wp\/v2\/product_tag?post=263"}],"curies":[{"name":"wp","href":"https:\/\/api.w.org\/{rel}","templated":true}]}}