{"id":265,"date":"2026-05-11T12:09:02","date_gmt":"2026-05-11T10:09:02","guid":{"rendered":"https:\/\/actionmall.act.at\/shop\/858\/?post_type=product&#038;p=265"},"modified":"2026-05-11T12:14:57","modified_gmt":"2026-05-11T10:14:57","slug":"wonder-green-innocent-750ml","status":"publish","type":"product","link":"https:\/\/actionmall.act.at\/shop\/858\/en\/produkt\/wonder-green-innocent-750ml\/","title":{"rendered":"Wonder Green Innocent 750ml"},"content":{"rendered":"","protected":false},"excerpt":{"rendered":"<p><strong data-start=\"0\" data-end=\"37\">Wonder Green Innocent Plus 750 ml<\/strong> ist ein fruchtig-frischer Smoothie-Drink mit Apfel, Birne, Gurke und Matcha-Extrakt. Angereichert mit Vitaminen unterst\u00fctzt er die mentale Leistungsf\u00e4higkeit und hilft, M\u00fcdigkeit zu reduzieren. Der vegane Drink enth\u00e4lt keinen zugesetzten Zucker und eignet sich ideal als erfrischender Vitamin-Boost f\u00fcr den Alltag.<\/p>\n","protected":false},"featured_media":267,"template":"","meta":[],"product_cat":[44],"product_tag":[],"class_list":{"0":"post-265","1":"product","2":"type-product","3":"status-publish","4":"has-post-thumbnail","6":"product_cat-essen-und-trinken","8":"first","9":"instock","10":"taxable","11":"shipping-taxable","12":"purchasable","13":"product-type-simple"},"_links":{"self":[{"href":"https:\/\/actionmall.act.at\/shop\/858\/en\/wp-json\/wp\/v2\/product\/265"}],"collection":[{"href":"https:\/\/actionmall.act.at\/shop\/858\/en\/wp-json\/wp\/v2\/product"}],"about":[{"href":"https:\/\/actionmall.act.at\/shop\/858\/en\/wp-json\/wp\/v2\/types\/product"}],"wp:featuredmedia":[{"embeddable":true,"href":"https:\/\/actionmall.act.at\/shop\/858\/en\/wp-json\/wp\/v2\/media\/267"}],"wp:attachment":[{"href":"https:\/\/actionmall.act.at\/shop\/858\/en\/wp-json\/wp\/v2\/media?parent=265"}],"wp:term":[{"taxonomy":"product_cat","embeddable":true,"href":"https:\/\/actionmall.act.at\/shop\/858\/en\/wp-json\/wp\/v2\/product_cat?post=265"},{"taxonomy":"product_tag","embeddable":true,"href":"https:\/\/actionmall.act.at\/shop\/858\/en\/wp-json\/wp\/v2\/product_tag?post=265"}],"curies":[{"name":"wp","href":"https:\/\/api.w.org\/{rel}","templated":true}]}}