{"id":272,"date":"2026-05-11T12:14:09","date_gmt":"2026-05-11T10:14:09","guid":{"rendered":"https:\/\/actionmall.act.at\/shop\/858\/?post_type=product&#038;p=272"},"modified":"2026-05-11T12:15:34","modified_gmt":"2026-05-11T10:15:34","slug":"tropical-energise-300ml","status":"publish","type":"product","link":"https:\/\/actionmall.act.at\/shop\/858\/en\/produkt\/tropical-energise-300ml\/","title":{"rendered":"Tropical Energise 300ml"},"content":{"rendered":"","protected":false},"excerpt":{"rendered":"<p><strong data-start=\"0\" data-end=\"28\" data-is-only-node=\"\">Tropical Energise 300 ml<\/strong> ist ein fruchtiger Smoothie-Drink mit exotischen Fr\u00fcchten wie Mango, Passionsfrucht und Ananas. Angereichert mit Vitaminen unterst\u00fctzt er den Energiestoffwechsel und sorgt f\u00fcr einen erfrischenden Fruchtkick im Alltag. Ohne zugesetzten Zucker und ideal f\u00fcr unterwegs oder als kleiner Energie-Boost zwischendurch.<\/p>\n","protected":false},"featured_media":273,"template":"","meta":[],"product_cat":[44],"product_tag":[],"class_list":{"0":"post-272","1":"product","2":"type-product","3":"status-publish","4":"has-post-thumbnail","6":"product_cat-essen-und-trinken","8":"first","9":"instock","10":"taxable","11":"shipping-taxable","12":"purchasable","13":"product-type-simple"},"_links":{"self":[{"href":"https:\/\/actionmall.act.at\/shop\/858\/en\/wp-json\/wp\/v2\/product\/272"}],"collection":[{"href":"https:\/\/actionmall.act.at\/shop\/858\/en\/wp-json\/wp\/v2\/product"}],"about":[{"href":"https:\/\/actionmall.act.at\/shop\/858\/en\/wp-json\/wp\/v2\/types\/product"}],"wp:featuredmedia":[{"embeddable":true,"href":"https:\/\/actionmall.act.at\/shop\/858\/en\/wp-json\/wp\/v2\/media\/273"}],"wp:attachment":[{"href":"https:\/\/actionmall.act.at\/shop\/858\/en\/wp-json\/wp\/v2\/media?parent=272"}],"wp:term":[{"taxonomy":"product_cat","embeddable":true,"href":"https:\/\/actionmall.act.at\/shop\/858\/en\/wp-json\/wp\/v2\/product_cat?post=272"},{"taxonomy":"product_tag","embeddable":true,"href":"https:\/\/actionmall.act.at\/shop\/858\/en\/wp-json\/wp\/v2\/product_tag?post=272"}],"curies":[{"name":"wp","href":"https:\/\/api.w.org\/{rel}","templated":true}]}}