{"id":275,"date":"2026-05-11T12:16:35","date_gmt":"2026-05-11T10:16:35","guid":{"rendered":"https:\/\/actionmall.act.at\/shop\/858\/?post_type=product&#038;p=275"},"modified":"2026-05-11T12:36:26","modified_gmt":"2026-05-11T10:36:26","slug":"schwarzkirsche-konfituere-450g","status":"publish","type":"product","link":"https:\/\/actionmall.act.at\/shop\/858\/en\/produkt\/schwarzkirsche-konfituere-450g\/","title":{"rendered":"Schwarzkirsche Konfit\u00fcre 450g"},"content":{"rendered":"","protected":false},"excerpt":{"rendered":"<p><strong>Schwarzkirsche Konfit\u00fcre 450 g<\/strong> ist eine fruchtige Konfit\u00fcre aus sonnengereiften Schwarzkirschen mit intensivem, s\u00fc\u00df-aromatischem Geschmack. Sie eignet sich ideal als Brotaufstrich sowie zum Verfeinern von Desserts, Joghurt oder Geb\u00e4ck. Die Konfit\u00fcre \u00fcberzeugt durch ihre vollmundige Fruchtnote und eine angenehme S\u00fc\u00dfe.<\/p>\n","protected":false},"featured_media":304,"template":"","meta":[],"product_cat":[44],"product_tag":[],"class_list":{"0":"post-275","1":"product","2":"type-product","3":"status-publish","4":"has-post-thumbnail","6":"product_cat-essen-und-trinken","8":"first","9":"instock","10":"taxable","11":"shipping-taxable","12":"purchasable","13":"product-type-simple"},"_links":{"self":[{"href":"https:\/\/actionmall.act.at\/shop\/858\/en\/wp-json\/wp\/v2\/product\/275"}],"collection":[{"href":"https:\/\/actionmall.act.at\/shop\/858\/en\/wp-json\/wp\/v2\/product"}],"about":[{"href":"https:\/\/actionmall.act.at\/shop\/858\/en\/wp-json\/wp\/v2\/types\/product"}],"wp:featuredmedia":[{"embeddable":true,"href":"https:\/\/actionmall.act.at\/shop\/858\/en\/wp-json\/wp\/v2\/media\/304"}],"wp:attachment":[{"href":"https:\/\/actionmall.act.at\/shop\/858\/en\/wp-json\/wp\/v2\/media?parent=275"}],"wp:term":[{"taxonomy":"product_cat","embeddable":true,"href":"https:\/\/actionmall.act.at\/shop\/858\/en\/wp-json\/wp\/v2\/product_cat?post=275"},{"taxonomy":"product_tag","embeddable":true,"href":"https:\/\/actionmall.act.at\/shop\/858\/en\/wp-json\/wp\/v2\/product_tag?post=275"}],"curies":[{"name":"wp","href":"https:\/\/api.w.org\/{rel}","templated":true}]}}