{"id":277,"date":"2026-05-11T12:17:47","date_gmt":"2026-05-11T10:17:47","guid":{"rendered":"https:\/\/actionmall.act.at\/shop\/858\/?post_type=product&#038;p=277"},"modified":"2026-05-11T12:19:12","modified_gmt":"2026-05-11T10:19:12","slug":"schwarze-johannisbeer-sirup-500ml","status":"publish","type":"product","link":"https:\/\/actionmall.act.at\/shop\/858\/en\/produkt\/schwarze-johannisbeer-sirup-500ml\/","title":{"rendered":"Schwarze Johannisbeer Sirup 500ml"},"content":{"rendered":"","protected":false},"excerpt":{"rendered":"<p><strong>Schwarze Johannisbeer Sirup 500 ml<\/strong> ist ein intensiv-fruchtiger Sirup aus schwarzen Johannisbeeren mit vollmundigem, leicht herbem Geschmack. Ideal zum Mischen mit Wasser, f\u00fcr Cocktails, Desserts oder zum Verfeinern von Speisen. Der Sirup \u00fcberzeugt durch sein kr\u00e4ftiges Aroma und sorgt f\u00fcr eine erfrischende Fruchtnote.<\/p>\n","protected":false},"featured_media":278,"template":"","meta":[],"product_cat":[44],"product_tag":[],"class_list":{"0":"post-277","1":"product","2":"type-product","3":"status-publish","4":"has-post-thumbnail","6":"product_cat-essen-und-trinken","8":"first","9":"instock","10":"taxable","11":"shipping-taxable","12":"purchasable","13":"product-type-simple"},"_links":{"self":[{"href":"https:\/\/actionmall.act.at\/shop\/858\/en\/wp-json\/wp\/v2\/product\/277"}],"collection":[{"href":"https:\/\/actionmall.act.at\/shop\/858\/en\/wp-json\/wp\/v2\/product"}],"about":[{"href":"https:\/\/actionmall.act.at\/shop\/858\/en\/wp-json\/wp\/v2\/types\/product"}],"wp:featuredmedia":[{"embeddable":true,"href":"https:\/\/actionmall.act.at\/shop\/858\/en\/wp-json\/wp\/v2\/media\/278"}],"wp:attachment":[{"href":"https:\/\/actionmall.act.at\/shop\/858\/en\/wp-json\/wp\/v2\/media?parent=277"}],"wp:term":[{"taxonomy":"product_cat","embeddable":true,"href":"https:\/\/actionmall.act.at\/shop\/858\/en\/wp-json\/wp\/v2\/product_cat?post=277"},{"taxonomy":"product_tag","embeddable":true,"href":"https:\/\/actionmall.act.at\/shop\/858\/en\/wp-json\/wp\/v2\/product_tag?post=277"}],"curies":[{"name":"wp","href":"https:\/\/api.w.org\/{rel}","templated":true}]}}