{"id":285,"date":"2026-05-11T12:22:55","date_gmt":"2026-05-11T10:22:55","guid":{"rendered":"https:\/\/actionmall.act.at\/shop\/858\/?post_type=product&#038;p=285"},"modified":"2026-05-11T12:35:26","modified_gmt":"2026-05-11T10:35:26","slug":"orange-mit-fruchtfleisch-saft-900ml","status":"publish","type":"product","link":"https:\/\/actionmall.act.at\/shop\/858\/en\/produkt\/orange-mit-fruchtfleisch-saft-900ml\/","title":{"rendered":"Orange mit Fruchtfleisch Saft 900ml"},"content":{"rendered":"","protected":false},"excerpt":{"rendered":"<p><strong>Orange mit Fruchtfleisch Saft 900 ml<\/strong> ist ein klassischer Orangensaft mit saftigem Fruchtfleisch f\u00fcr ein besonders intensives Geschmackserlebnis. Er ist reich an nat\u00fcrlichem Vitamin C und sorgt f\u00fcr einen frischen, fruchtigen Start in den Tag. Ideal zum Fr\u00fchst\u00fcck oder als erfrischender Drink zwischendurch.<\/p>\n","protected":false},"featured_media":303,"template":"","meta":[],"product_cat":[44],"product_tag":[],"class_list":{"0":"post-285","1":"product","2":"type-product","3":"status-publish","4":"has-post-thumbnail","6":"product_cat-essen-und-trinken","8":"first","9":"instock","10":"taxable","11":"shipping-taxable","12":"purchasable","13":"product-type-simple"},"_links":{"self":[{"href":"https:\/\/actionmall.act.at\/shop\/858\/en\/wp-json\/wp\/v2\/product\/285"}],"collection":[{"href":"https:\/\/actionmall.act.at\/shop\/858\/en\/wp-json\/wp\/v2\/product"}],"about":[{"href":"https:\/\/actionmall.act.at\/shop\/858\/en\/wp-json\/wp\/v2\/types\/product"}],"wp:featuredmedia":[{"embeddable":true,"href":"https:\/\/actionmall.act.at\/shop\/858\/en\/wp-json\/wp\/v2\/media\/303"}],"wp:attachment":[{"href":"https:\/\/actionmall.act.at\/shop\/858\/en\/wp-json\/wp\/v2\/media?parent=285"}],"wp:term":[{"taxonomy":"product_cat","embeddable":true,"href":"https:\/\/actionmall.act.at\/shop\/858\/en\/wp-json\/wp\/v2\/product_cat?post=285"},{"taxonomy":"product_tag","embeddable":true,"href":"https:\/\/actionmall.act.at\/shop\/858\/en\/wp-json\/wp\/v2\/product_tag?post=285"}],"curies":[{"name":"wp","href":"https:\/\/api.w.org\/{rel}","templated":true}]}}