{"id":287,"date":"2026-05-11T12:23:53","date_gmt":"2026-05-11T10:23:53","guid":{"rendered":"https:\/\/actionmall.act.at\/shop\/858\/?post_type=product&#038;p=287"},"modified":"2026-05-11T12:24:49","modified_gmt":"2026-05-11T10:24:49","slug":"orange-mango-saft-900ml","status":"publish","type":"product","link":"https:\/\/actionmall.act.at\/shop\/858\/en\/produkt\/orange-mango-saft-900ml\/","title":{"rendered":"Orange &#038; Mango Saft 900ml"},"content":{"rendered":"","protected":false},"excerpt":{"rendered":"<p><strong>Orange &#038; Mango Saft 900 ml<\/strong> ist ein fruchtiger Mehrfruchtsaft mit einer harmonischen Mischung aus sonnengereiften Orangen und s\u00fc\u00dfer Mango. Der Geschmack ist vollmundig, exotisch und angenehm frisch. Reich an nat\u00fcrlichen Vitaminen eignet er sich ideal als erfrischender Begleiter zum Fr\u00fchst\u00fcck oder f\u00fcr zwischendurch.<\/p>\n","protected":false},"featured_media":288,"template":"","meta":[],"product_cat":[44],"product_tag":[],"class_list":{"0":"post-287","1":"product","2":"type-product","3":"status-publish","4":"has-post-thumbnail","6":"product_cat-essen-und-trinken","8":"first","9":"instock","10":"taxable","11":"shipping-taxable","12":"purchasable","13":"product-type-simple"},"_links":{"self":[{"href":"https:\/\/actionmall.act.at\/shop\/858\/en\/wp-json\/wp\/v2\/product\/287"}],"collection":[{"href":"https:\/\/actionmall.act.at\/shop\/858\/en\/wp-json\/wp\/v2\/product"}],"about":[{"href":"https:\/\/actionmall.act.at\/shop\/858\/en\/wp-json\/wp\/v2\/types\/product"}],"wp:featuredmedia":[{"embeddable":true,"href":"https:\/\/actionmall.act.at\/shop\/858\/en\/wp-json\/wp\/v2\/media\/288"}],"wp:attachment":[{"href":"https:\/\/actionmall.act.at\/shop\/858\/en\/wp-json\/wp\/v2\/media?parent=287"}],"wp:term":[{"taxonomy":"product_cat","embeddable":true,"href":"https:\/\/actionmall.act.at\/shop\/858\/en\/wp-json\/wp\/v2\/product_cat?post=287"},{"taxonomy":"product_tag","embeddable":true,"href":"https:\/\/actionmall.act.at\/shop\/858\/en\/wp-json\/wp\/v2\/product_tag?post=287"}],"curies":[{"name":"wp","href":"https:\/\/api.w.org\/{rel}","templated":true}]}}