{"id":289,"date":"2026-05-11T12:24:54","date_gmt":"2026-05-11T10:24:54","guid":{"rendered":"https:\/\/actionmall.act.at\/shop\/858\/?post_type=product&#038;p=289"},"modified":"2026-05-11T12:25:08","modified_gmt":"2026-05-11T10:25:08","slug":"multi-mix-gelb-saft-900ml","status":"publish","type":"product","link":"https:\/\/actionmall.act.at\/shop\/858\/en\/produkt\/multi-mix-gelb-saft-900ml\/","title":{"rendered":"Multi Mix Gelb Saft 900ml"},"content":{"rendered":"","protected":false},"excerpt":{"rendered":"<p><strong>Multi Mix Gelb Saft 900 ml<\/strong> ist ein fruchtiger Mehrfruchtsaft mit einer Mischung aus gelben Fr\u00fcchten wie Orange, Apfel, Mango und Maracuja. Der Geschmack ist s\u00fc\u00df, sonnig und erfrischend. Reich an nat\u00fcrlichen Vitaminen eignet er sich ideal als Fr\u00fchst\u00fcckssaft oder als fruchtiger Durstl\u00f6scher im Alltag.<\/p>\n","protected":false},"featured_media":290,"template":"","meta":[],"product_cat":[44],"product_tag":[],"class_list":{"0":"post-289","1":"product","2":"type-product","3":"status-publish","4":"has-post-thumbnail","6":"product_cat-essen-und-trinken","8":"first","9":"instock","10":"taxable","11":"shipping-taxable","12":"purchasable","13":"product-type-simple"},"_links":{"self":[{"href":"https:\/\/actionmall.act.at\/shop\/858\/en\/wp-json\/wp\/v2\/product\/289"}],"collection":[{"href":"https:\/\/actionmall.act.at\/shop\/858\/en\/wp-json\/wp\/v2\/product"}],"about":[{"href":"https:\/\/actionmall.act.at\/shop\/858\/en\/wp-json\/wp\/v2\/types\/product"}],"wp:featuredmedia":[{"embeddable":true,"href":"https:\/\/actionmall.act.at\/shop\/858\/en\/wp-json\/wp\/v2\/media\/290"}],"wp:attachment":[{"href":"https:\/\/actionmall.act.at\/shop\/858\/en\/wp-json\/wp\/v2\/media?parent=289"}],"wp:term":[{"taxonomy":"product_cat","embeddable":true,"href":"https:\/\/actionmall.act.at\/shop\/858\/en\/wp-json\/wp\/v2\/product_cat?post=289"},{"taxonomy":"product_tag","embeddable":true,"href":"https:\/\/actionmall.act.at\/shop\/858\/en\/wp-json\/wp\/v2\/product_tag?post=289"}],"curies":[{"name":"wp","href":"https:\/\/api.w.org\/{rel}","templated":true}]}}