{"id":293,"date":"2026-05-11T12:26:55","date_gmt":"2026-05-11T10:26:55","guid":{"rendered":"https:\/\/actionmall.act.at\/shop\/858\/?post_type=product&#038;p=293"},"modified":"2026-05-11T12:33:33","modified_gmt":"2026-05-11T10:33:33","slug":"mango-maracuja-fruchtikus-125g","status":"publish","type":"product","link":"https:\/\/actionmall.act.at\/shop\/858\/en\/produkt\/mango-maracuja-fruchtikus-125g\/","title":{"rendered":"Mango-Maracuja-Fruchtikus 125g"},"content":{"rendered":"","protected":false},"excerpt":{"rendered":"<p><strong>Mango-Maracuja Fruchtikus 125 g<\/strong> ist ein fruchtiger Snack mit einer cremigen Kombination aus s\u00fc\u00dfer Mango und leicht s\u00e4uerlicher Maracuja. Der Geschmack ist exotisch, erfrischend und intensiv fruchtig. Ideal als kleiner Snack f\u00fcr zwischendurch, unterwegs oder als fruchtige Erg\u00e4nzung zu Fr\u00fchst\u00fcck und Dessert.<\/p>\n","protected":false},"featured_media":301,"template":"","meta":[],"product_cat":[44],"product_tag":[],"class_list":{"0":"post-293","1":"product","2":"type-product","3":"status-publish","4":"has-post-thumbnail","6":"product_cat-essen-und-trinken","8":"first","9":"instock","10":"taxable","11":"shipping-taxable","12":"purchasable","13":"product-type-simple"},"_links":{"self":[{"href":"https:\/\/actionmall.act.at\/shop\/858\/en\/wp-json\/wp\/v2\/product\/293"}],"collection":[{"href":"https:\/\/actionmall.act.at\/shop\/858\/en\/wp-json\/wp\/v2\/product"}],"about":[{"href":"https:\/\/actionmall.act.at\/shop\/858\/en\/wp-json\/wp\/v2\/types\/product"}],"wp:featuredmedia":[{"embeddable":true,"href":"https:\/\/actionmall.act.at\/shop\/858\/en\/wp-json\/wp\/v2\/media\/301"}],"wp:attachment":[{"href":"https:\/\/actionmall.act.at\/shop\/858\/en\/wp-json\/wp\/v2\/media?parent=293"}],"wp:term":[{"taxonomy":"product_cat","embeddable":true,"href":"https:\/\/actionmall.act.at\/shop\/858\/en\/wp-json\/wp\/v2\/product_cat?post=293"},{"taxonomy":"product_tag","embeddable":true,"href":"https:\/\/actionmall.act.at\/shop\/858\/en\/wp-json\/wp\/v2\/product_tag?post=293"}],"curies":[{"name":"wp","href":"https:\/\/api.w.org\/{rel}","templated":true}]}}