{"id":295,"date":"2026-05-11T12:27:57","date_gmt":"2026-05-11T10:27:57","guid":{"rendered":"https:\/\/actionmall.act.at\/shop\/858\/?post_type=product&#038;p=295"},"modified":"2026-05-11T12:28:12","modified_gmt":"2026-05-11T10:28:12","slug":"mango-maracuja-apfel-smoothie-250ml","status":"publish","type":"product","link":"https:\/\/actionmall.act.at\/shop\/858\/en\/produkt\/mango-maracuja-apfel-smoothie-250ml\/","title":{"rendered":"Mango, Maracuja &#038; Apfel Smoothie 250ml"},"content":{"rendered":"","protected":false},"excerpt":{"rendered":"<p><strong>Smoothie Mango, Maracuja &#038; Apfel 250 ml<\/strong> ist ein fruchtiger Drink mit einer harmonischen Mischung aus s\u00fc\u00dfer Mango, exotischer Maracuja und mildem Apfel. Der Smoothie ist angenehm frisch, leicht s\u00e4uerlich und voll im Geschmack. Ideal als erfrischender Snack f\u00fcr unterwegs oder als fruchtiger Energiekick zwischendurch.<\/p>\n","protected":false},"featured_media":296,"template":"","meta":[],"product_cat":[44],"product_tag":[],"class_list":{"0":"post-295","1":"product","2":"type-product","3":"status-publish","4":"has-post-thumbnail","6":"product_cat-essen-und-trinken","8":"first","9":"instock","10":"taxable","11":"shipping-taxable","12":"purchasable","13":"product-type-simple"},"_links":{"self":[{"href":"https:\/\/actionmall.act.at\/shop\/858\/en\/wp-json\/wp\/v2\/product\/295"}],"collection":[{"href":"https:\/\/actionmall.act.at\/shop\/858\/en\/wp-json\/wp\/v2\/product"}],"about":[{"href":"https:\/\/actionmall.act.at\/shop\/858\/en\/wp-json\/wp\/v2\/types\/product"}],"wp:featuredmedia":[{"embeddable":true,"href":"https:\/\/actionmall.act.at\/shop\/858\/en\/wp-json\/wp\/v2\/media\/296"}],"wp:attachment":[{"href":"https:\/\/actionmall.act.at\/shop\/858\/en\/wp-json\/wp\/v2\/media?parent=295"}],"wp:term":[{"taxonomy":"product_cat","embeddable":true,"href":"https:\/\/actionmall.act.at\/shop\/858\/en\/wp-json\/wp\/v2\/product_cat?post=295"},{"taxonomy":"product_tag","embeddable":true,"href":"https:\/\/actionmall.act.at\/shop\/858\/en\/wp-json\/wp\/v2\/product_tag?post=295"}],"curies":[{"name":"wp","href":"https:\/\/api.w.org\/{rel}","templated":true}]}}