{"id":258,"date":"2026-05-04T12:29:35","date_gmt":"2026-05-04T10:29:35","guid":{"rendered":"https:\/\/actionmall.act.at\/shop\/858\/?post_type=product&#038;p=258"},"modified":"2026-05-04T12:31:44","modified_gmt":"2026-05-04T10:31:44","slug":"pfirsich-konfituere-450g","status":"publish","type":"product","link":"https:\/\/actionmall.act.at\/shop\/858\/produkt\/pfirsich-konfituere-450g\/","title":{"rendered":"Pfirsich Konfit\u00fcre 450g"},"content":{"rendered":"","protected":false},"excerpt":{"rendered":"<p>Pfirsichkonfit\u00fcre ist ein fruchtiger Brotaufstrich aus reifen Pfirsichen, Zucker und oft etwas Zitronensaft. Sie \u00fcberzeugt durch ihre nat\u00fcrliche S\u00fc\u00dfe, eine leicht s\u00e4uerliche Note und ihr intensives Aroma. Die weiche, streichf\u00e4hige Konsistenz macht sie ideal f\u00fcr Fr\u00fchst\u00fccksgeb\u00e4ck, Desserts oder zum Verfeinern von Joghurt und Kuchen.<\/p>\n","protected":false},"featured_media":259,"template":"","meta":[],"product_cat":[44],"product_tag":[],"class_list":{"0":"post-258","1":"product","2":"type-product","3":"status-publish","4":"has-post-thumbnail","6":"product_cat-essen-und-trinken","8":"first","9":"instock","10":"taxable","11":"shipping-taxable","12":"purchasable","13":"product-type-simple"},"_links":{"self":[{"href":"https:\/\/actionmall.act.at\/shop\/858\/wp-json\/wp\/v2\/product\/258"}],"collection":[{"href":"https:\/\/actionmall.act.at\/shop\/858\/wp-json\/wp\/v2\/product"}],"about":[{"href":"https:\/\/actionmall.act.at\/shop\/858\/wp-json\/wp\/v2\/types\/product"}],"wp:featuredmedia":[{"embeddable":true,"href":"https:\/\/actionmall.act.at\/shop\/858\/wp-json\/wp\/v2\/media\/259"}],"wp:attachment":[{"href":"https:\/\/actionmall.act.at\/shop\/858\/wp-json\/wp\/v2\/media?parent=258"}],"wp:term":[{"taxonomy":"product_cat","embeddable":true,"href":"https:\/\/actionmall.act.at\/shop\/858\/wp-json\/wp\/v2\/product_cat?post=258"},{"taxonomy":"product_tag","embeddable":true,"href":"https:\/\/actionmall.act.at\/shop\/858\/wp-json\/wp\/v2\/product_tag?post=258"}],"curies":[{"name":"wp","href":"https:\/\/api.w.org\/{rel}","templated":true}]}}