{"id":270,"date":"2026-05-11T12:12:27","date_gmt":"2026-05-11T10:12:27","guid":{"rendered":"https:\/\/actionmall.act.at\/shop\/858\/?post_type=product&#038;p=270"},"modified":"2026-05-11T12:15:18","modified_gmt":"2026-05-11T10:15:18","slug":"vitaminbuendel-smoothie-750ml","status":"publish","type":"product","link":"https:\/\/actionmall.act.at\/shop\/858\/produkt\/vitaminbuendel-smoothie-750ml\/","title":{"rendered":"Vitaminb\u00fcndel Smoothie 750ml"},"content":{"rendered":"","protected":false},"excerpt":{"rendered":"<p><strong>Vitaminb\u00fcndel Smoothie 750 ml<\/strong> ist ein fruchtiger Smoothie mit einer Mischung aus verschiedenen Fr\u00fcchten und Gem\u00fcse, angereichert mit wichtigen Vitaminen. Der Drink unterst\u00fctzt das Immunsystem und liefert eine nat\u00fcrliche Erfrischung f\u00fcr den Alltag. Ohne zugesetzten Zucker und ideal als vitaminreicher Snack oder Fr\u00fchst\u00fccksbegleiter.<\/p>\n","protected":false},"featured_media":271,"template":"","meta":[],"product_cat":[44],"product_tag":[],"class_list":{"0":"post-270","1":"product","2":"type-product","3":"status-publish","4":"has-post-thumbnail","6":"product_cat-essen-und-trinken","8":"first","9":"instock","10":"taxable","11":"shipping-taxable","12":"purchasable","13":"product-type-simple"},"_links":{"self":[{"href":"https:\/\/actionmall.act.at\/shop\/858\/wp-json\/wp\/v2\/product\/270"}],"collection":[{"href":"https:\/\/actionmall.act.at\/shop\/858\/wp-json\/wp\/v2\/product"}],"about":[{"href":"https:\/\/actionmall.act.at\/shop\/858\/wp-json\/wp\/v2\/types\/product"}],"wp:featuredmedia":[{"embeddable":true,"href":"https:\/\/actionmall.act.at\/shop\/858\/wp-json\/wp\/v2\/media\/271"}],"wp:attachment":[{"href":"https:\/\/actionmall.act.at\/shop\/858\/wp-json\/wp\/v2\/media?parent=270"}],"wp:term":[{"taxonomy":"product_cat","embeddable":true,"href":"https:\/\/actionmall.act.at\/shop\/858\/wp-json\/wp\/v2\/product_cat?post=270"},{"taxonomy":"product_tag","embeddable":true,"href":"https:\/\/actionmall.act.at\/shop\/858\/wp-json\/wp\/v2\/product_tag?post=270"}],"curies":[{"name":"wp","href":"https:\/\/api.w.org\/{rel}","templated":true}]}}