{"id":279,"date":"2026-05-11T12:19:11","date_gmt":"2026-05-11T10:19:11","guid":{"rendered":"https:\/\/actionmall.act.at\/shop\/858\/?post_type=product&#038;p=279"},"modified":"2026-05-11T12:19:47","modified_gmt":"2026-05-11T10:19:47","slug":"roter-multi-mix-saft-900ml","status":"publish","type":"product","link":"https:\/\/actionmall.act.at\/shop\/858\/produkt\/roter-multi-mix-saft-900ml\/","title":{"rendered":"Roter Multi Mix Saft 900ml"},"content":{"rendered":"","protected":false},"excerpt":{"rendered":"<p><strong>Roter Multi Mix Saft 900 ml<\/strong> ist ein fruchtiger Mehrfruchtsaft aus roten Fr\u00fcchten und Beeren mit vollmundigem Geschmack. Die ausgewogene Mischung sorgt f\u00fcr eine nat\u00fcrliche Erfrischung und liefert wertvolle Vitamine f\u00fcr den Alltag. Ideal zum Fr\u00fchst\u00fcck, f\u00fcr unterwegs oder als fruchtiger Genuss zwischendurch.<\/p>\n","protected":false},"featured_media":280,"template":"","meta":[],"product_cat":[44],"product_tag":[],"class_list":{"0":"post-279","1":"product","2":"type-product","3":"status-publish","4":"has-post-thumbnail","6":"product_cat-essen-und-trinken","8":"first","9":"instock","10":"taxable","11":"shipping-taxable","12":"purchasable","13":"product-type-simple"},"_links":{"self":[{"href":"https:\/\/actionmall.act.at\/shop\/858\/wp-json\/wp\/v2\/product\/279"}],"collection":[{"href":"https:\/\/actionmall.act.at\/shop\/858\/wp-json\/wp\/v2\/product"}],"about":[{"href":"https:\/\/actionmall.act.at\/shop\/858\/wp-json\/wp\/v2\/types\/product"}],"wp:featuredmedia":[{"embeddable":true,"href":"https:\/\/actionmall.act.at\/shop\/858\/wp-json\/wp\/v2\/media\/280"}],"wp:attachment":[{"href":"https:\/\/actionmall.act.at\/shop\/858\/wp-json\/wp\/v2\/media?parent=279"}],"wp:term":[{"taxonomy":"product_cat","embeddable":true,"href":"https:\/\/actionmall.act.at\/shop\/858\/wp-json\/wp\/v2\/product_cat?post=279"},{"taxonomy":"product_tag","embeddable":true,"href":"https:\/\/actionmall.act.at\/shop\/858\/wp-json\/wp\/v2\/product_tag?post=279"}],"curies":[{"name":"wp","href":"https:\/\/api.w.org\/{rel}","templated":true}]}}