{"id":281,"date":"2026-05-11T12:20:49","date_gmt":"2026-05-11T10:20:49","guid":{"rendered":"https:\/\/actionmall.act.at\/shop\/858\/?post_type=product&#038;p=281"},"modified":"2026-05-11T12:21:53","modified_gmt":"2026-05-11T10:21:53","slug":"rote-fruechte-fruchtikus-125g","status":"publish","type":"product","link":"https:\/\/actionmall.act.at\/shop\/858\/produkt\/rote-fruechte-fruchtikus-125g\/","title":{"rendered":"Rote-Fr\u00fcchte-Fruchtikus 125g"},"content":{"rendered":"","protected":false},"excerpt":{"rendered":"<p><strong>Rote Fr\u00fcchte Fruchtikus 125 g<\/strong> ist ein fruchtiger Snack aus einer ausgew\u00e4hlten Mischung roter Fr\u00fcchte und Beeren mit intensivem Geschmack. Ideal als kleine Erfrischung f\u00fcr zwischendurch, zum Fr\u00fchst\u00fcck oder als fruchtige Dessertbeilage. Die cremig-fruchtige Kombination sorgt f\u00fcr nat\u00fcrlichen Genuss im Alltag.<\/p>\n","protected":false},"featured_media":282,"template":"","meta":[],"product_cat":[44],"product_tag":[],"class_list":{"0":"post-281","1":"product","2":"type-product","3":"status-publish","4":"has-post-thumbnail","6":"product_cat-essen-und-trinken","8":"first","9":"instock","10":"taxable","11":"shipping-taxable","12":"purchasable","13":"product-type-simple"},"_links":{"self":[{"href":"https:\/\/actionmall.act.at\/shop\/858\/wp-json\/wp\/v2\/product\/281"}],"collection":[{"href":"https:\/\/actionmall.act.at\/shop\/858\/wp-json\/wp\/v2\/product"}],"about":[{"href":"https:\/\/actionmall.act.at\/shop\/858\/wp-json\/wp\/v2\/types\/product"}],"wp:featuredmedia":[{"embeddable":true,"href":"https:\/\/actionmall.act.at\/shop\/858\/wp-json\/wp\/v2\/media\/282"}],"wp:attachment":[{"href":"https:\/\/actionmall.act.at\/shop\/858\/wp-json\/wp\/v2\/media?parent=281"}],"wp:term":[{"taxonomy":"product_cat","embeddable":true,"href":"https:\/\/actionmall.act.at\/shop\/858\/wp-json\/wp\/v2\/product_cat?post=281"},{"taxonomy":"product_tag","embeddable":true,"href":"https:\/\/actionmall.act.at\/shop\/858\/wp-json\/wp\/v2\/product_tag?post=281"}],"curies":[{"name":"wp","href":"https:\/\/api.w.org\/{rel}","templated":true}]}}