{"id":283,"date":"2026-05-11T12:21:48","date_gmt":"2026-05-11T10:21:48","guid":{"rendered":"https:\/\/actionmall.act.at\/shop\/858\/?post_type=product&#038;p=283"},"modified":"2026-05-11T12:22:08","modified_gmt":"2026-05-11T10:22:08","slug":"pink-energise-300ml","status":"publish","type":"product","link":"https:\/\/actionmall.act.at\/shop\/858\/produkt\/pink-energise-300ml\/","title":{"rendered":"Pink Energise 300ml"},"content":{"rendered":"","protected":false},"excerpt":{"rendered":"<p><strong>Pink Energise 300 ml<\/strong> ist ein fruchtiger Smoothie-Drink mit einer erfrischenden Mischung aus roten Fr\u00fcchten und exotischen Zutaten. Angereichert mit Vitaminen unterst\u00fctzt er den Energiestoffwechsel und sorgt f\u00fcr einen fruchtigen Frischekick im Alltag. Ohne zugesetzten Zucker und ideal f\u00fcr unterwegs oder als belebender Snack zwischendurch.<\/p>\n","protected":false},"featured_media":284,"template":"","meta":[],"product_cat":[44],"product_tag":[],"class_list":{"0":"post-283","1":"product","2":"type-product","3":"status-publish","4":"has-post-thumbnail","6":"product_cat-essen-und-trinken","8":"first","9":"instock","10":"taxable","11":"shipping-taxable","12":"purchasable","13":"product-type-simple"},"_links":{"self":[{"href":"https:\/\/actionmall.act.at\/shop\/858\/wp-json\/wp\/v2\/product\/283"}],"collection":[{"href":"https:\/\/actionmall.act.at\/shop\/858\/wp-json\/wp\/v2\/product"}],"about":[{"href":"https:\/\/actionmall.act.at\/shop\/858\/wp-json\/wp\/v2\/types\/product"}],"wp:featuredmedia":[{"embeddable":true,"href":"https:\/\/actionmall.act.at\/shop\/858\/wp-json\/wp\/v2\/media\/284"}],"wp:attachment":[{"href":"https:\/\/actionmall.act.at\/shop\/858\/wp-json\/wp\/v2\/media?parent=283"}],"wp:term":[{"taxonomy":"product_cat","embeddable":true,"href":"https:\/\/actionmall.act.at\/shop\/858\/wp-json\/wp\/v2\/product_cat?post=283"},{"taxonomy":"product_tag","embeddable":true,"href":"https:\/\/actionmall.act.at\/shop\/858\/wp-json\/wp\/v2\/product_tag?post=283"}],"curies":[{"name":"wp","href":"https:\/\/api.w.org\/{rel}","templated":true}]}}