{"id":291,"date":"2026-05-11T12:25:53","date_gmt":"2026-05-11T10:25:53","guid":{"rendered":"https:\/\/actionmall.act.at\/shop\/858\/?post_type=product&#038;p=291"},"modified":"2026-05-11T12:34:21","modified_gmt":"2026-05-11T10:34:21","slug":"mango-marille-fruchtikus-125g","status":"publish","type":"product","link":"https:\/\/actionmall.act.at\/shop\/858\/produkt\/mango-marille-fruchtikus-125g\/","title":{"rendered":"Mango-Marille-Fruchtikus 125g"},"content":{"rendered":"","protected":false},"excerpt":{"rendered":"<p><strong>Mango-Marille Fruchtikus 125 g<\/strong> ist ein fruchtiger Snack aus einer cremigen Mischung von sonnengereifter Mango und s\u00fc\u00dfer Marille (Aprikose). Der Geschmack ist mild, exotisch und angenehm s\u00fc\u00df. Ideal als kleine Zwischenmahlzeit, f\u00fcr unterwegs oder als fruchtige Erg\u00e4nzung zum Fr\u00fchst\u00fcck oder Dessert.<\/p>\n","protected":false},"featured_media":302,"template":"","meta":[],"product_cat":[44],"product_tag":[],"class_list":{"0":"post-291","1":"product","2":"type-product","3":"status-publish","4":"has-post-thumbnail","6":"product_cat-essen-und-trinken","8":"first","9":"instock","10":"taxable","11":"shipping-taxable","12":"purchasable","13":"product-type-simple"},"_links":{"self":[{"href":"https:\/\/actionmall.act.at\/shop\/858\/wp-json\/wp\/v2\/product\/291"}],"collection":[{"href":"https:\/\/actionmall.act.at\/shop\/858\/wp-json\/wp\/v2\/product"}],"about":[{"href":"https:\/\/actionmall.act.at\/shop\/858\/wp-json\/wp\/v2\/types\/product"}],"wp:featuredmedia":[{"embeddable":true,"href":"https:\/\/actionmall.act.at\/shop\/858\/wp-json\/wp\/v2\/media\/302"}],"wp:attachment":[{"href":"https:\/\/actionmall.act.at\/shop\/858\/wp-json\/wp\/v2\/media?parent=291"}],"wp:term":[{"taxonomy":"product_cat","embeddable":true,"href":"https:\/\/actionmall.act.at\/shop\/858\/wp-json\/wp\/v2\/product_cat?post=291"},{"taxonomy":"product_tag","embeddable":true,"href":"https:\/\/actionmall.act.at\/shop\/858\/wp-json\/wp\/v2\/product_tag?post=291"}],"curies":[{"name":"wp","href":"https:\/\/api.w.org\/{rel}","templated":true}]}}