{"id":297,"date":"2026-05-11T12:29:01","date_gmt":"2026-05-11T10:29:01","guid":{"rendered":"https:\/\/actionmall.act.at\/shop\/858\/?post_type=product&#038;p=297"},"modified":"2026-05-11T12:29:12","modified_gmt":"2026-05-11T10:29:12","slug":"mango-apfel-passionsfrucht-250ml","status":"publish","type":"product","link":"https:\/\/actionmall.act.at\/shop\/858\/produkt\/mango-apfel-passionsfrucht-250ml\/","title":{"rendered":"Mango &#038; Apfel Passionsfrucht 250ml"},"content":{"rendered":"","protected":false},"excerpt":{"rendered":"<p><strong>Mango, Passionsfrucht &#038; Apfel Smoothie 250 ml<\/strong> ist ein fruchtiger Drink mit einer exotischen Mischung aus s\u00fc\u00dfer Mango, aromatischer Passionsfrucht und mildem Apfel. Der Geschmack ist frisch, leicht s\u00e4uerlich und angenehm ausgewogen. Ideal als erfrischender Snack f\u00fcr unterwegs oder als fruchtiger Energiekick zwischendurch.<\/p>\n","protected":false},"featured_media":298,"template":"","meta":[],"product_cat":[44],"product_tag":[],"class_list":{"0":"post-297","1":"product","2":"type-product","3":"status-publish","4":"has-post-thumbnail","6":"product_cat-essen-und-trinken","8":"first","9":"instock","10":"taxable","11":"shipping-taxable","12":"purchasable","13":"product-type-simple"},"_links":{"self":[{"href":"https:\/\/actionmall.act.at\/shop\/858\/wp-json\/wp\/v2\/product\/297"}],"collection":[{"href":"https:\/\/actionmall.act.at\/shop\/858\/wp-json\/wp\/v2\/product"}],"about":[{"href":"https:\/\/actionmall.act.at\/shop\/858\/wp-json\/wp\/v2\/types\/product"}],"wp:featuredmedia":[{"embeddable":true,"href":"https:\/\/actionmall.act.at\/shop\/858\/wp-json\/wp\/v2\/media\/298"}],"wp:attachment":[{"href":"https:\/\/actionmall.act.at\/shop\/858\/wp-json\/wp\/v2\/media?parent=297"}],"wp:term":[{"taxonomy":"product_cat","embeddable":true,"href":"https:\/\/actionmall.act.at\/shop\/858\/wp-json\/wp\/v2\/product_cat?post=297"},{"taxonomy":"product_tag","embeddable":true,"href":"https:\/\/actionmall.act.at\/shop\/858\/wp-json\/wp\/v2\/product_tag?post=297"}],"curies":[{"name":"wp","href":"https:\/\/api.w.org\/{rel}","templated":true}]}}