{"id":600,"date":"2026-03-05T07:56:38","date_gmt":"2026-03-05T06:56:38","guid":{"rendered":"https:\/\/actionmall.act.at\/shop\/867\/?post_type=product&#038;p=600"},"modified":"2026-03-05T07:56:43","modified_gmt":"2026-03-05T06:56:43","slug":"aroma-alchemist","status":"publish","type":"product","link":"https:\/\/actionmall.act.at\/shop\/867\/en\/produkt\/aroma-alchemist\/","title":{"rendered":"Aroma-Alchemist"},"content":{"rendered":"<p>Der Aroma-Alchemist ist die perfekte Kaffeemaschine f\u00fcr alle, die den Kaffeegenuss auf ein neues Level heben wollen. Mit innovativer Technik und einem intuitiven Bedienkonzept entlockt sie jedem Kaffeebohnensortentyp das volle Aroma. Das pr\u00e4zise Br\u00fchsystem garantiert eine gleichm\u00e4\u00dfige Extraktion, w\u00e4hrend das elegante Design die Maschine zu einem Blickfang in jeder K\u00fcche macht. Die einfache Handhabung und schnelle Reinigung machen sie ideal f\u00fcr den t\u00e4glichen Gebrauch, ohne Kompromisse bei der Qualit\u00e4t einzugehen.<\/p>\n","protected":false},"excerpt":{"rendered":"<p>Der Aroma-Alchemist ist die perfekte Kaffeemaschine f\u00fcr alle, die den Kaffeegenuss auf ein neues Level heben wollen. Mit innovativer Technik und einem intuitiven Bedienkonzept entlockt sie jedem Kaffeebohnensortentyp das volle Aroma. Das pr\u00e4zise Br\u00fchsystem garantiert eine gleichm\u00e4\u00dfige Extraktion, w\u00e4hrend das elegante Design die Maschine zu einem Blickfang in jeder K\u00fcche macht. Die einfache Handhabung und [&hellip;]<\/p>\n","protected":false},"featured_media":306,"template":"","meta":[],"product_cat":[34],"product_tag":[],"class_list":{"0":"post-600","1":"product","2":"type-product","3":"status-publish","4":"has-post-thumbnail","6":"product_cat-autos-und-fahrzeuge","8":"first","9":"instock","10":"taxable","11":"shipping-taxable","12":"purchasable","13":"product-type-simple"},"_links":{"self":[{"href":"https:\/\/actionmall.act.at\/shop\/867\/en\/wp-json\/wp\/v2\/product\/600"}],"collection":[{"href":"https:\/\/actionmall.act.at\/shop\/867\/en\/wp-json\/wp\/v2\/product"}],"about":[{"href":"https:\/\/actionmall.act.at\/shop\/867\/en\/wp-json\/wp\/v2\/types\/product"}],"wp:featuredmedia":[{"embeddable":true,"href":"https:\/\/actionmall.act.at\/shop\/867\/en\/wp-json\/wp\/v2\/media\/306"}],"wp:attachment":[{"href":"https:\/\/actionmall.act.at\/shop\/867\/en\/wp-json\/wp\/v2\/media?parent=600"}],"wp:term":[{"taxonomy":"product_cat","embeddable":true,"href":"https:\/\/actionmall.act.at\/shop\/867\/en\/wp-json\/wp\/v2\/product_cat?post=600"},{"taxonomy":"product_tag","embeddable":true,"href":"https:\/\/actionmall.act.at\/shop\/867\/en\/wp-json\/wp\/v2\/product_tag?post=600"}],"curies":[{"name":"wp","href":"https:\/\/api.w.org\/{rel}","templated":true}]}}