{"id":601,"date":"2026-03-05T07:57:19","date_gmt":"2026-03-05T06:57:19","guid":{"rendered":"https:\/\/actionmall.act.at\/shop\/867\/?post_type=product&#038;p=601"},"modified":"2026-03-05T07:57:23","modified_gmt":"2026-03-05T06:57:23","slug":"der-morgenwaermer-2","status":"publish","type":"product","link":"https:\/\/actionmall.act.at\/shop\/867\/en\/produkt\/der-morgenwaermer-2\/","title":{"rendered":"Der Morgenw\u00e4rmer"},"content":{"rendered":"<p>Die intelligente Thermosflasche mit integrierter Heizfunktion f\u00fcr warme H\u00e4nde und perfekte Getr\u00e4nketemperatur.<\/p>\n","protected":false},"excerpt":{"rendered":"<p>Die intelligente Thermosflasche mit integrierter Heizfunktion f\u00fcr warme H\u00e4nde und perfekte Getr\u00e4nketemperatur.<\/p>\n","protected":false},"featured_media":495,"template":"","meta":[],"product_cat":[34],"product_tag":[],"class_list":{"0":"post-601","1":"product","2":"type-product","3":"status-publish","4":"has-post-thumbnail","6":"product_cat-autos-und-fahrzeuge","8":"first","9":"instock","10":"taxable","11":"shipping-taxable","12":"purchasable","13":"product-type-simple"},"_links":{"self":[{"href":"https:\/\/actionmall.act.at\/shop\/867\/en\/wp-json\/wp\/v2\/product\/601"}],"collection":[{"href":"https:\/\/actionmall.act.at\/shop\/867\/en\/wp-json\/wp\/v2\/product"}],"about":[{"href":"https:\/\/actionmall.act.at\/shop\/867\/en\/wp-json\/wp\/v2\/types\/product"}],"wp:featuredmedia":[{"embeddable":true,"href":"https:\/\/actionmall.act.at\/shop\/867\/en\/wp-json\/wp\/v2\/media\/495"}],"wp:attachment":[{"href":"https:\/\/actionmall.act.at\/shop\/867\/en\/wp-json\/wp\/v2\/media?parent=601"}],"wp:term":[{"taxonomy":"product_cat","embeddable":true,"href":"https:\/\/actionmall.act.at\/shop\/867\/en\/wp-json\/wp\/v2\/product_cat?post=601"},{"taxonomy":"product_tag","embeddable":true,"href":"https:\/\/actionmall.act.at\/shop\/867\/en\/wp-json\/wp\/v2\/product_tag?post=601"}],"curies":[{"name":"wp","href":"https:\/\/api.w.org\/{rel}","templated":true}]}}