{"id":610,"date":"2026-03-05T08:04:21","date_gmt":"2026-03-05T07:04:21","guid":{"rendered":"https:\/\/actionmall.act.at\/shop\/867\/?post_type=product&#038;p=610"},"modified":"2026-03-05T08:04:25","modified_gmt":"2026-03-05T07:04:25","slug":"morgengruss-fuer-fruehaufsteher-100g","status":"publish","type":"product","link":"https:\/\/actionmall.act.at\/shop\/867\/en\/produkt\/morgengruss-fuer-fruehaufsteher-100g\/","title":{"rendered":"MORGENGRUSS &#8211; F\u00fcr Fr\u00fchaufsteher 100g"},"content":{"rendered":"<p>Die Kaffeesorte Morgengru\u00df ist nicht nur f\u00fcr Fr\u00fchaufsteher ein Hochgenuss. Dieser ganz besondere Filterkaffee von Hand sortiert, in der Trommelr\u00f6stung in der Ramsau am Dachstein von Anni und Veronika ger\u00f6stet ist eine exquisite Gaumenfreude f\u00fcr\u00a0Filterkaffee-Liebhaber. Wussten Sie eigentlich, dass sich Filterkaffee zunehmender Beliebtheit erfreut?\u00a0 Diese Kaffeemischung eignet sich bestens f\u00fcr&#8230;<\/p>\n","protected":false},"excerpt":{"rendered":"<p>Die Kaffeesorte Morgengru\u00df ist nicht nur f\u00fcr Fr\u00fchaufsteher ein Hochgenuss. Dieser ganz besondere Filterkaffee von Hand sortiert, in der Trommelr\u00f6stung in der Ramsau am Dachstein von Anni und Veronika ger\u00f6stet ist eine exquisite Gaumenfreude f\u00fcr\u00a0Filterkaffee-Liebhaber. Wussten Sie eigentlich, dass sich Filterkaffee zunehmender Beliebtheit erfreut?\u00a0 Diese Kaffeemischung eignet sich bestens f\u00fcr&#8230;<\/p>\n","protected":false},"featured_media":310,"template":"","meta":[],"product_cat":[34],"product_tag":[],"class_list":{"0":"post-610","1":"product","2":"type-product","3":"status-publish","4":"has-post-thumbnail","6":"product_cat-autos-und-fahrzeuge","8":"first","9":"instock","10":"taxable","11":"shipping-taxable","12":"purchasable","13":"product-type-simple"},"_links":{"self":[{"href":"https:\/\/actionmall.act.at\/shop\/867\/en\/wp-json\/wp\/v2\/product\/610"}],"collection":[{"href":"https:\/\/actionmall.act.at\/shop\/867\/en\/wp-json\/wp\/v2\/product"}],"about":[{"href":"https:\/\/actionmall.act.at\/shop\/867\/en\/wp-json\/wp\/v2\/types\/product"}],"wp:featuredmedia":[{"embeddable":true,"href":"https:\/\/actionmall.act.at\/shop\/867\/en\/wp-json\/wp\/v2\/media\/310"}],"wp:attachment":[{"href":"https:\/\/actionmall.act.at\/shop\/867\/en\/wp-json\/wp\/v2\/media?parent=610"}],"wp:term":[{"taxonomy":"product_cat","embeddable":true,"href":"https:\/\/actionmall.act.at\/shop\/867\/en\/wp-json\/wp\/v2\/product_cat?post=610"},{"taxonomy":"product_tag","embeddable":true,"href":"https:\/\/actionmall.act.at\/shop\/867\/en\/wp-json\/wp\/v2\/product_tag?post=610"}],"curies":[{"name":"wp","href":"https:\/\/api.w.org\/{rel}","templated":true}]}}