{"id":617,"date":"2026-03-05T08:10:13","date_gmt":"2026-03-05T07:10:13","guid":{"rendered":"https:\/\/actionmall.act.at\/shop\/867\/?post_type=product&#038;p=617"},"modified":"2026-03-05T08:10:28","modified_gmt":"2026-03-05T07:10:28","slug":"green-gubi","status":"publish","type":"product","link":"https:\/\/actionmall.act.at\/shop\/867\/en\/produkt\/green-gubi\/","title":{"rendered":"Green Gubi"},"content":{"rendered":"<p>Unsere nachhaltige Green Gubi Kaffeemaschine \u00fcberzeugt durch energieeffiziente Technologie und reduziert den Stromverbrauch ohne Einbu\u00dfen bei der Leistung. Sie schaltet sich nach der Nutzung automatisch ab und tr\u00e4gt so aktiv zur Energieeinsparung bei. Hergestellt aus umweltfreundlichen Materialien und mit einer langen Lebensdauer ist sie die perfekte Wahl f\u00fcr alle, die auf einen nachhaltigen Kaffeegenuss setzen.<\/p>\n","protected":false},"excerpt":{"rendered":"<p>Unsere nachhaltige Green Gubi Kaffeemaschine \u00fcberzeugt durch energieeffiziente Technologie und reduziert den Stromverbrauch ohne Einbu\u00dfen bei der Leistung. Sie schaltet sich nach der Nutzung automatisch ab und tr\u00e4gt so aktiv zur Energieeinsparung bei. Hergestellt aus umweltfreundlichen Materialien und mit einer langen Lebensdauer ist sie die perfekte Wahl f\u00fcr alle, die auf einen nachhaltigen Kaffeegenuss setzen.<\/p>\n","protected":false},"featured_media":332,"template":"","meta":[],"product_cat":[34],"product_tag":[],"class_list":{"0":"post-617","1":"product","2":"type-product","3":"status-publish","4":"has-post-thumbnail","6":"product_cat-autos-und-fahrzeuge","8":"first","9":"instock","10":"taxable","11":"shipping-taxable","12":"purchasable","13":"product-type-simple"},"_links":{"self":[{"href":"https:\/\/actionmall.act.at\/shop\/867\/en\/wp-json\/wp\/v2\/product\/617"}],"collection":[{"href":"https:\/\/actionmall.act.at\/shop\/867\/en\/wp-json\/wp\/v2\/product"}],"about":[{"href":"https:\/\/actionmall.act.at\/shop\/867\/en\/wp-json\/wp\/v2\/types\/product"}],"wp:featuredmedia":[{"embeddable":true,"href":"https:\/\/actionmall.act.at\/shop\/867\/en\/wp-json\/wp\/v2\/media\/332"}],"wp:attachment":[{"href":"https:\/\/actionmall.act.at\/shop\/867\/en\/wp-json\/wp\/v2\/media?parent=617"}],"wp:term":[{"taxonomy":"product_cat","embeddable":true,"href":"https:\/\/actionmall.act.at\/shop\/867\/en\/wp-json\/wp\/v2\/product_cat?post=617"},{"taxonomy":"product_tag","embeddable":true,"href":"https:\/\/actionmall.act.at\/shop\/867\/en\/wp-json\/wp\/v2\/product_tag?post=617"}],"curies":[{"name":"wp","href":"https:\/\/api.w.org\/{rel}","templated":true}]}}