{"id":618,"date":"2026-03-05T08:11:26","date_gmt":"2026-03-05T07:11:26","guid":{"rendered":"https:\/\/actionmall.act.at\/shop\/867\/?post_type=product&#038;p=618"},"modified":"2026-03-05T08:11:34","modified_gmt":"2026-03-05T07:11:34","slug":"tam-tam-brew-anhaenger-2","status":"publish","type":"product","link":"https:\/\/actionmall.act.at\/shop\/867\/en\/produkt\/tam-tam-brew-anhaenger-2\/","title":{"rendered":"TAM-TAM Brew Anh\u00e4nger"},"content":{"rendered":"<p data-start=\"59\" data-end=\"400\">Ein kompakter, mobiler Kaffeeanh\u00e4nger in modernem Wei\u00df-Blau-Design, ideal f\u00fcr Stra\u00dfen, Events und M\u00e4rkte. Ausgestattet mit einer professionellen Tam-Tam Kaffeemaschine und ausreichend Platz f\u00fcr Tassen, Milch und Sirup. Stilvoll, funktional und einladend \u2013 perfekt, um hochwertigen Kaffee unterwegs anzubieten.<\/p>\n","protected":false},"excerpt":{"rendered":"<p>Ein kompakter, mobiler Kaffeeanh\u00e4nger in modernem Wei\u00df-Blau-Design, ideal f\u00fcr Stra\u00dfen, Events und M\u00e4rkte. Ausgestattet mit einer professionellen Tam-Tam Kaffeemaschine und ausreichend Platz f\u00fcr Tassen, Milch und Sirup. Stilvoll, funktional und einladend \u2013 perfekt, um hochwertigen Kaffee unterwegs anzubieten.<\/p>\n","protected":false},"featured_media":555,"template":"","meta":[],"product_cat":[34,44,46,61],"product_tag":[],"class_list":{"0":"post-618","1":"product","2":"type-product","3":"status-publish","4":"has-post-thumbnail","6":"product_cat-autos-und-fahrzeuge","7":"product_cat-essen-und-trinken","8":"product_cat-gesundheit-und-wellness","9":"product_cat-dienstleistungen-und-oeffentliche-versorgung","11":"first","12":"instock","13":"taxable","14":"shipping-taxable","15":"purchasable","16":"product-type-simple"},"_links":{"self":[{"href":"https:\/\/actionmall.act.at\/shop\/867\/en\/wp-json\/wp\/v2\/product\/618"}],"collection":[{"href":"https:\/\/actionmall.act.at\/shop\/867\/en\/wp-json\/wp\/v2\/product"}],"about":[{"href":"https:\/\/actionmall.act.at\/shop\/867\/en\/wp-json\/wp\/v2\/types\/product"}],"wp:featuredmedia":[{"embeddable":true,"href":"https:\/\/actionmall.act.at\/shop\/867\/en\/wp-json\/wp\/v2\/media\/555"}],"wp:attachment":[{"href":"https:\/\/actionmall.act.at\/shop\/867\/en\/wp-json\/wp\/v2\/media?parent=618"}],"wp:term":[{"taxonomy":"product_cat","embeddable":true,"href":"https:\/\/actionmall.act.at\/shop\/867\/en\/wp-json\/wp\/v2\/product_cat?post=618"},{"taxonomy":"product_tag","embeddable":true,"href":"https:\/\/actionmall.act.at\/shop\/867\/en\/wp-json\/wp\/v2\/product_tag?post=618"}],"curies":[{"name":"wp","href":"https:\/\/api.w.org\/{rel}","templated":true}]}}