{"id":619,"date":"2026-03-05T08:48:31","date_gmt":"2026-03-05T07:48:31","guid":{"rendered":"https:\/\/actionmall.act.at\/shop\/867\/?post_type=product&#038;p=619"},"modified":"2026-03-05T08:48:32","modified_gmt":"2026-03-05T07:48:32","slug":"tam-tam-shot","status":"publish","type":"product","link":"https:\/\/actionmall.act.at\/shop\/867\/en\/produkt\/tam-tam-shot\/","title":{"rendered":"TAM-TAM-Shot"},"content":{"rendered":"<p>Der <strong data-start=\"37\" data-end=\"53\">TAM-TAM-Shot<\/strong> ist ein innovatives Kaffee-Spray f\u00fcr unterwegs. Ein kurzer Spr\u00fchsto\u00df liefert die Kraft von <strong data-start=\"145\" data-end=\"170\">einem halben Espresso<\/strong> und sorgt sofort f\u00fcr einen schnellen Energie- und Koffein-Kick. Die kompakte Flasche passt in jede Tasche und ist perfekt f\u00fcr Arbeit, Schule, Sport oder Reisen.<\/p>\n","protected":false},"excerpt":{"rendered":"<p>Der TAM-TAM-Shot ist ein innovatives Kaffee-Spray f\u00fcr unterwegs. Ein kurzer Spr\u00fchsto\u00df liefert die Kraft von einem halben Espresso und sorgt sofort f\u00fcr einen schnellen Energie- und Koffein-Kick. Die kompakte Flasche passt in jede Tasche und ist perfekt f\u00fcr Arbeit, Schule, Sport oder Reisen.<\/p>\n","protected":false},"featured_media":620,"template":"","meta":[],"product_cat":[44,45,46],"product_tag":[],"class_list":{"0":"post-619","1":"product","2":"type-product","3":"status-publish","4":"has-post-thumbnail","6":"product_cat-essen-und-trinken","7":"product_cat-sport-veranstaltungen-hobbies","8":"product_cat-gesundheit-und-wellness","10":"first","11":"instock","12":"taxable","13":"shipping-taxable","14":"purchasable","15":"product-type-simple"},"_links":{"self":[{"href":"https:\/\/actionmall.act.at\/shop\/867\/en\/wp-json\/wp\/v2\/product\/619"}],"collection":[{"href":"https:\/\/actionmall.act.at\/shop\/867\/en\/wp-json\/wp\/v2\/product"}],"about":[{"href":"https:\/\/actionmall.act.at\/shop\/867\/en\/wp-json\/wp\/v2\/types\/product"}],"wp:featuredmedia":[{"embeddable":true,"href":"https:\/\/actionmall.act.at\/shop\/867\/en\/wp-json\/wp\/v2\/media\/620"}],"wp:attachment":[{"href":"https:\/\/actionmall.act.at\/shop\/867\/en\/wp-json\/wp\/v2\/media?parent=619"}],"wp:term":[{"taxonomy":"product_cat","embeddable":true,"href":"https:\/\/actionmall.act.at\/shop\/867\/en\/wp-json\/wp\/v2\/product_cat?post=619"},{"taxonomy":"product_tag","embeddable":true,"href":"https:\/\/actionmall.act.at\/shop\/867\/en\/wp-json\/wp\/v2\/product_tag?post=619"}],"curies":[{"name":"wp","href":"https:\/\/api.w.org\/{rel}","templated":true}]}}