{"id":598,"date":"2026-03-05T07:55:24","date_gmt":"2026-03-05T06:55:24","guid":{"rendered":"https:\/\/actionmall.act.at\/shop\/867\/?post_type=product&#038;p=598"},"modified":"2026-03-05T07:55:31","modified_gmt":"2026-03-05T06:55:31","slug":"aromamaster-kaffeemaschine","status":"publish","type":"product","link":"https:\/\/actionmall.act.at\/shop\/867\/produkt\/aromamaster-kaffeemaschine\/","title":{"rendered":"Aromamaster Kaffeemaschine"},"content":{"rendered":"<p>Die <em>Aromamaster<\/em> Kaffeemaschine vereint edles Design mit perfektem Kaffeegenuss. Ihr modernes, minimalistisch gehaltenes Geh\u00e4use aus Edelstahl passt in jede K\u00fcche und wird zum echten Hingucker. Dank innovativer Br\u00fchtechnik entfaltet sie das volle Aroma jedes Kaffees, indem sie eine pr\u00e4zise Temperaturkontrolle und gleichm\u00e4\u00dfigen Wasserfluss gew\u00e4hrleistet. So erhalten Sie stets einen vollmundigen, aromatischen Kaffee \u2013 zuverl\u00e4ssig und in bester Qualit\u00e4t.<\/p>\n","protected":false},"excerpt":{"rendered":"<p>Aromamaster Kaffemaschine. Kaffee in vollen Z\u00fcgen genie\u00dfen!<\/p>\n","protected":false},"featured_media":275,"template":"","meta":[],"product_cat":[34],"product_tag":[],"class_list":{"0":"post-598","1":"product","2":"type-product","3":"status-publish","4":"has-post-thumbnail","6":"product_cat-autos-und-fahrzeuge","8":"first","9":"instock","10":"taxable","11":"shipping-taxable","12":"purchasable","13":"product-type-simple"},"_links":{"self":[{"href":"https:\/\/actionmall.act.at\/shop\/867\/wp-json\/wp\/v2\/product\/598"}],"collection":[{"href":"https:\/\/actionmall.act.at\/shop\/867\/wp-json\/wp\/v2\/product"}],"about":[{"href":"https:\/\/actionmall.act.at\/shop\/867\/wp-json\/wp\/v2\/types\/product"}],"wp:featuredmedia":[{"embeddable":true,"href":"https:\/\/actionmall.act.at\/shop\/867\/wp-json\/wp\/v2\/media\/275"}],"wp:attachment":[{"href":"https:\/\/actionmall.act.at\/shop\/867\/wp-json\/wp\/v2\/media?parent=598"}],"wp:term":[{"taxonomy":"product_cat","embeddable":true,"href":"https:\/\/actionmall.act.at\/shop\/867\/wp-json\/wp\/v2\/product_cat?post=598"},{"taxonomy":"product_tag","embeddable":true,"href":"https:\/\/actionmall.act.at\/shop\/867\/wp-json\/wp\/v2\/product_tag?post=598"}],"curies":[{"name":"wp","href":"https:\/\/api.w.org\/{rel}","templated":true}]}}