{"id":603,"date":"2026-03-05T07:58:26","date_gmt":"2026-03-05T06:58:26","guid":{"rendered":"https:\/\/actionmall.act.at\/shop\/867\/?post_type=product&#038;p=603"},"modified":"2026-03-05T07:58:35","modified_gmt":"2026-03-05T06:58:35","slug":"huettenstimmung-500g","status":"publish","type":"product","link":"https:\/\/actionmall.act.at\/shop\/867\/produkt\/huettenstimmung-500g\/","title":{"rendered":"H\u00dcTTENSTIMMUNG 500g"},"content":{"rendered":"<p>H\u00fcttenstimmung ist unser Espresso Blend f\u00fcr jene, die gerne aromatischen Kaffee genie\u00dfen. Jeder Schluck ist ein Abenteuer in der Welt des Kaffees und vollmundig und ganz besonders! Der Kaffee wird in unserer Kaffeer\u00f6sterei in der Region Schladming Dachstein, genauer gesagt in Pruggern per Hand im schonenden Trommelr\u00f6stverfahren ger\u00f6stet. Gerne k\u00f6nnen&#8230;<\/p>\n","protected":false},"excerpt":{"rendered":"<p>H\u00fcttenstimmung ist unser Espresso Blend f\u00fcr jene, die gerne aromatischen Kaffee genie\u00dfen. Jeder Schluck ist ein Abenteuer in der Welt des Kaffees und vollmundig und ganz besonders! Der Kaffee wird in unserer Kaffeer\u00f6sterei in der Region Schladming Dachstein, genauer gesagt in Pruggern per Hand im schonenden Trommelr\u00f6stverfahren ger\u00f6stet. Gerne k\u00f6nnen&#8230;<\/p>\n","protected":false},"featured_media":313,"template":"","meta":[],"product_cat":[34],"product_tag":[],"class_list":{"0":"post-603","1":"product","2":"type-product","3":"status-publish","4":"has-post-thumbnail","6":"product_cat-autos-und-fahrzeuge","8":"first","9":"instock","10":"taxable","11":"shipping-taxable","12":"purchasable","13":"product-type-simple"},"_links":{"self":[{"href":"https:\/\/actionmall.act.at\/shop\/867\/wp-json\/wp\/v2\/product\/603"}],"collection":[{"href":"https:\/\/actionmall.act.at\/shop\/867\/wp-json\/wp\/v2\/product"}],"about":[{"href":"https:\/\/actionmall.act.at\/shop\/867\/wp-json\/wp\/v2\/types\/product"}],"wp:featuredmedia":[{"embeddable":true,"href":"https:\/\/actionmall.act.at\/shop\/867\/wp-json\/wp\/v2\/media\/313"}],"wp:attachment":[{"href":"https:\/\/actionmall.act.at\/shop\/867\/wp-json\/wp\/v2\/media?parent=603"}],"wp:term":[{"taxonomy":"product_cat","embeddable":true,"href":"https:\/\/actionmall.act.at\/shop\/867\/wp-json\/wp\/v2\/product_cat?post=603"},{"taxonomy":"product_tag","embeddable":true,"href":"https:\/\/actionmall.act.at\/shop\/867\/wp-json\/wp\/v2\/product_tag?post=603"}],"curies":[{"name":"wp","href":"https:\/\/api.w.org\/{rel}","templated":true}]}}