{"id":605,"date":"2026-03-05T08:00:42","date_gmt":"2026-03-05T07:00:42","guid":{"rendered":"https:\/\/actionmall.act.at\/shop\/867\/?post_type=product&#038;p=605"},"modified":"2026-03-05T08:00:54","modified_gmt":"2026-03-05T07:00:54","slug":"aurora-bronze","status":"publish","type":"product","link":"https:\/\/actionmall.act.at\/shop\/867\/produkt\/aurora-bronze\/","title":{"rendered":"Aurora Bronze"},"content":{"rendered":"<p>Die Aurora Bronze Kaffeemaschine setzt neue Ma\u00dfst\u00e4be in puncto Design und Kaffeegenuss. Mit ihrem edlen, bronzefarbenen Edelstahlgeh\u00e4use bringt sie luxuri\u00f6sen Charme in jede K\u00fcche und wird zum wahren Highlight. Durch die fortschrittliche Br\u00fchtechnologie werden die Aromen jedes Kaffeebohnens optimal entfaltet, sodass jeder Kaffee zu einem vollendeten Geschmackserlebnis wird.<\/p>\n","protected":false},"excerpt":{"rendered":"<p>Die Aurora Bronze Kaffeemaschine setzt neue Ma\u00dfst\u00e4be in puncto Design und Kaffeegenuss. Mit ihrem edlen, bronzefarbenen Edelstahlgeh\u00e4use bringt sie luxuri\u00f6sen Charme in jede K\u00fcche und wird zum wahren Highlight. Durch die fortschrittliche Br\u00fchtechnologie werden die Aromen jedes Kaffeebohnens optimal entfaltet, sodass jeder Kaffee zu einem vollendeten Geschmackserlebnis wird.<\/p>\n","protected":false},"featured_media":390,"template":"","meta":[],"product_cat":[34],"product_tag":[],"class_list":{"0":"post-605","1":"product","2":"type-product","3":"status-publish","4":"has-post-thumbnail","6":"product_cat-autos-und-fahrzeuge","8":"first","9":"instock","10":"taxable","11":"shipping-taxable","12":"purchasable","13":"product-type-simple"},"_links":{"self":[{"href":"https:\/\/actionmall.act.at\/shop\/867\/wp-json\/wp\/v2\/product\/605"}],"collection":[{"href":"https:\/\/actionmall.act.at\/shop\/867\/wp-json\/wp\/v2\/product"}],"about":[{"href":"https:\/\/actionmall.act.at\/shop\/867\/wp-json\/wp\/v2\/types\/product"}],"wp:featuredmedia":[{"embeddable":true,"href":"https:\/\/actionmall.act.at\/shop\/867\/wp-json\/wp\/v2\/media\/390"}],"wp:attachment":[{"href":"https:\/\/actionmall.act.at\/shop\/867\/wp-json\/wp\/v2\/media?parent=605"}],"wp:term":[{"taxonomy":"product_cat","embeddable":true,"href":"https:\/\/actionmall.act.at\/shop\/867\/wp-json\/wp\/v2\/product_cat?post=605"},{"taxonomy":"product_tag","embeddable":true,"href":"https:\/\/actionmall.act.at\/shop\/867\/wp-json\/wp\/v2\/product_tag?post=605"}],"curies":[{"name":"wp","href":"https:\/\/api.w.org\/{rel}","templated":true}]}}