{"id":606,"date":"2026-03-05T08:01:18","date_gmt":"2026-03-05T07:01:18","guid":{"rendered":"https:\/\/actionmall.act.at\/shop\/867\/?post_type=product&#038;p=606"},"modified":"2026-03-05T08:01:26","modified_gmt":"2026-03-05T07:01:26","slug":"dachstein-kaffee-der-biologe-100g-2","status":"publish","type":"product","link":"https:\/\/actionmall.act.at\/shop\/867\/produkt\/dachstein-kaffee-der-biologe-100g-2\/","title":{"rendered":"Dachstein Kaffee &#8211; DER BIOLOGE 100g"},"content":{"rendered":"<p>Der Biologe ist ein kr\u00e4ftiger, vollmundiger biologisch zertifizierter Kaffee mit Herkunft Mexico. Er wird h\u00e4ndisch in der Trommelr\u00f6stung stark ger\u00f6stet und hat eine kr\u00e4ftige und intensive Note. Dieser Dachstein Kaffee eignet sich am besten f\u00fcr die Zubereitung im Siebtr\u00e4ger oder Vollautomaten. Wussten Sie eigentlich, dass der Kaffee per Hand von Anni und&#8230;<\/p>\n","protected":false},"excerpt":{"rendered":"<p>Der Biologe ist ein kr\u00e4ftiger, vollmundiger biologisch zertifizierter Kaffee mit Herkunft Mexico. Er wird h\u00e4ndisch in der Trommelr\u00f6stung stark ger\u00f6stet und hat eine kr\u00e4ftige und intensive Note. Dieser Dachstein Kaffee eignet sich am besten f\u00fcr die Zubereitung im Siebtr\u00e4ger oder Vollautomaten. Wussten Sie eigentlich, dass der Kaffee per Hand von Anni und&#8230;<\/p>\n","protected":false},"featured_media":259,"template":"","meta":[],"product_cat":[34],"product_tag":[],"class_list":{"0":"post-606","1":"product","2":"type-product","3":"status-publish","4":"has-post-thumbnail","6":"product_cat-autos-und-fahrzeuge","8":"first","9":"instock","10":"taxable","11":"shipping-taxable","12":"purchasable","13":"product-type-simple"},"_links":{"self":[{"href":"https:\/\/actionmall.act.at\/shop\/867\/wp-json\/wp\/v2\/product\/606"}],"collection":[{"href":"https:\/\/actionmall.act.at\/shop\/867\/wp-json\/wp\/v2\/product"}],"about":[{"href":"https:\/\/actionmall.act.at\/shop\/867\/wp-json\/wp\/v2\/types\/product"}],"wp:featuredmedia":[{"embeddable":true,"href":"https:\/\/actionmall.act.at\/shop\/867\/wp-json\/wp\/v2\/media\/259"}],"wp:attachment":[{"href":"https:\/\/actionmall.act.at\/shop\/867\/wp-json\/wp\/v2\/media?parent=606"}],"wp:term":[{"taxonomy":"product_cat","embeddable":true,"href":"https:\/\/actionmall.act.at\/shop\/867\/wp-json\/wp\/v2\/product_cat?post=606"},{"taxonomy":"product_tag","embeddable":true,"href":"https:\/\/actionmall.act.at\/shop\/867\/wp-json\/wp\/v2\/product_tag?post=606"}],"curies":[{"name":"wp","href":"https:\/\/api.w.org\/{rel}","templated":true}]}}