{"id":612,"date":"2026-03-05T08:06:07","date_gmt":"2026-03-05T07:06:07","guid":{"rendered":"https:\/\/actionmall.act.at\/shop\/867\/?post_type=product&#038;p=612"},"modified":"2026-03-05T08:06:18","modified_gmt":"2026-03-05T07:06:18","slug":"dachstein-kaffee-bergluft-fuer-geniesser-100g-2","status":"publish","type":"product","link":"https:\/\/actionmall.act.at\/shop\/867\/produkt\/dachstein-kaffee-bergluft-fuer-geniesser-100g-2\/","title":{"rendered":"Dachstein Kaffee &#8211; BERGLUFT &#8211; F\u00fcr Genie\u00dfer 100g"},"content":{"rendered":"<p>Die Frische der Bergluft, der Blick ins Tal, die bewusste Auszeit beim Kaffeegenuss&#8230; das vermittelt unser Dachstein Kaffee. Dieser wohlriechende und wohlschmeckende Kaffee ist genau das Richtige f\u00fcr Frau und Mann mit dem Gesp\u00fcr f\u00fcr &#8222;la dolce Vita&#8220;. Die Kaffeesorte &#8222;Bergluft&#8220; eine Arabica Blend Mischung aus Kolumbien und Brasilien beschert&#8230;<\/p>\n","protected":false},"excerpt":{"rendered":"<p>Die Frische der Bergluft, der Blick ins Tal, die bewusste Auszeit beim Kaffeegenuss&#8230; das vermittelt unser Dachstein Kaffee. Dieser wohlriechende und wohlschmeckende Kaffee ist genau das Richtige f\u00fcr Frau und Mann mit dem Gesp\u00fcr f\u00fcr &#8222;la dolce Vita&#8220;. Die Kaffeesorte &#8222;Bergluft&#8220; eine Arabica Blend Mischung aus Kolumbien und Brasilien beschert&#8230;<\/p>\n","protected":false},"featured_media":301,"template":"","meta":[],"product_cat":[34],"product_tag":[],"class_list":{"0":"post-612","1":"product","2":"type-product","3":"status-publish","4":"has-post-thumbnail","6":"product_cat-autos-und-fahrzeuge","8":"first","9":"instock","10":"taxable","11":"shipping-taxable","12":"purchasable","13":"product-type-simple"},"_links":{"self":[{"href":"https:\/\/actionmall.act.at\/shop\/867\/wp-json\/wp\/v2\/product\/612"}],"collection":[{"href":"https:\/\/actionmall.act.at\/shop\/867\/wp-json\/wp\/v2\/product"}],"about":[{"href":"https:\/\/actionmall.act.at\/shop\/867\/wp-json\/wp\/v2\/types\/product"}],"wp:featuredmedia":[{"embeddable":true,"href":"https:\/\/actionmall.act.at\/shop\/867\/wp-json\/wp\/v2\/media\/301"}],"wp:attachment":[{"href":"https:\/\/actionmall.act.at\/shop\/867\/wp-json\/wp\/v2\/media?parent=612"}],"wp:term":[{"taxonomy":"product_cat","embeddable":true,"href":"https:\/\/actionmall.act.at\/shop\/867\/wp-json\/wp\/v2\/product_cat?post=612"},{"taxonomy":"product_tag","embeddable":true,"href":"https:\/\/actionmall.act.at\/shop\/867\/wp-json\/wp\/v2\/product_tag?post=612"}],"curies":[{"name":"wp","href":"https:\/\/api.w.org\/{rel}","templated":true}]}}