{"id":616,"date":"2026-03-05T08:09:27","date_gmt":"2026-03-05T07:09:27","guid":{"rendered":"https:\/\/actionmall.act.at\/shop\/867\/?post_type=product&#038;p=616"},"modified":"2026-03-05T08:09:35","modified_gmt":"2026-03-05T07:09:35","slug":"brew-buddy-kaffeemaschine-siebtraeger","status":"publish","type":"product","link":"https:\/\/actionmall.act.at\/shop\/867\/produkt\/brew-buddy-kaffeemaschine-siebtraeger\/","title":{"rendered":"BREW BUDDY Kaffeemaschine-SiebTr\u00e4ger"},"content":{"rendered":"<p>Der Brew Buddy ist dein idealer Partner f\u00fcr perfekten Kaffeegenuss. Mit ihrem modernen Design und einfacher Bedienung zaubert sie in k\u00fcrzester Zeit aromatischen Kaffee \u2013 ob kr\u00e4ftig am Morgen oder sanft am Nachmittag.<\/p>\n<p>Dank pr\u00e4ziser Temperaturkontrolle und hochwertiger Materialien wird jede Tasse zu einem geschmacklichen Erlebnis. Entdecke die Vielfalt und genie\u00dfe mit der Brew Buddy jeden Kaffee-Moment!<\/p>\n","protected":false},"excerpt":{"rendered":"<p>Der Brew Buddy ist dein idealer Partner f\u00fcr perfekten Kaffeegenuss. Mit ihrem modernen Design und einfacher Bedienung zaubert sie in k\u00fcrzester Zeit aromatischen Kaffee \u2013 ob kr\u00e4ftig am Morgen oder sanft am Nachmittag. Dank pr\u00e4ziser Temperaturkontrolle und hochwertiger Materialien wird jede Tasse zu einem geschmacklichen Erlebnis. Entdecke die Vielfalt und genie\u00dfe mit der Brew Buddy [&hellip;]<\/p>\n","protected":false},"featured_media":299,"template":"","meta":[],"product_cat":[34],"product_tag":[],"class_list":{"0":"post-616","1":"product","2":"type-product","3":"status-publish","4":"has-post-thumbnail","6":"product_cat-autos-und-fahrzeuge","8":"first","9":"instock","10":"taxable","11":"shipping-taxable","12":"purchasable","13":"product-type-simple"},"_links":{"self":[{"href":"https:\/\/actionmall.act.at\/shop\/867\/wp-json\/wp\/v2\/product\/616"}],"collection":[{"href":"https:\/\/actionmall.act.at\/shop\/867\/wp-json\/wp\/v2\/product"}],"about":[{"href":"https:\/\/actionmall.act.at\/shop\/867\/wp-json\/wp\/v2\/types\/product"}],"wp:featuredmedia":[{"embeddable":true,"href":"https:\/\/actionmall.act.at\/shop\/867\/wp-json\/wp\/v2\/media\/299"}],"wp:attachment":[{"href":"https:\/\/actionmall.act.at\/shop\/867\/wp-json\/wp\/v2\/media?parent=616"}],"wp:term":[{"taxonomy":"product_cat","embeddable":true,"href":"https:\/\/actionmall.act.at\/shop\/867\/wp-json\/wp\/v2\/product_cat?post=616"},{"taxonomy":"product_tag","embeddable":true,"href":"https:\/\/actionmall.act.at\/shop\/867\/wp-json\/wp\/v2\/product_tag?post=616"}],"curies":[{"name":"wp","href":"https:\/\/api.w.org\/{rel}","templated":true}]}}