{"id":427,"date":"2025-11-19T14:31:41","date_gmt":"2025-11-19T13:31:41","guid":{"rendered":"https:\/\/actionmall.act.at\/shop\/868\/?post_type=product&#038;p=427"},"modified":"2026-01-07T12:56:33","modified_gmt":"2026-01-07T11:56:33","slug":"eb-fh52-projector","status":"publish","type":"product","link":"https:\/\/actionmall.act.at\/shop\/868\/en\/produkt\/eb-fh52-projector\/","title":{"rendered":"EB-FH52 Projector"},"content":{"rendered":"<p>Der Epson EB-FH52 liefert helle, gestochen scharfe Full-HD-Projektionen mit 4.000 Lumen und zuverl\u00e4ssiger 3LCD-Technologie.<br \/>\nDank integriertem WLAN eignet er sich ideal f\u00fcr kabellose Pr\u00e4sentationen. Sein modernes Design passt in jede Arbeitsumgebung, w\u00e4hrend die langlebige Technik minimalen Wartungsaufwand und st\u00f6rungsfreie Meetings erm\u00f6glicht.<\/p>\n","protected":false},"excerpt":{"rendered":"<p>Der Epson EB-FH52 liefert helle, gestochen scharfe Full-HD-Projektionen mit 4.000 Lumen und zuverl\u00e4ssiger 3LCD-Technologie. Dank integriertem WLAN eignet er sich ideal f\u00fcr kabellose Pr\u00e4sentationen. Sein modernes Design passt in jede Arbeitsumgebung, w\u00e4hrend die langlebige Technik minimalen Wartungsaufwand und st\u00f6rungsfreie Meetings erm\u00f6glicht.<\/p>\n","protected":false},"featured_media":429,"template":"","meta":[],"product_cat":[],"product_tag":[],"class_list":{"0":"post-427","1":"product","2":"type-product","3":"status-publish","4":"has-post-thumbnail","7":"first","8":"instock","9":"taxable","10":"shipping-taxable","11":"purchasable","12":"product-type-simple"},"_links":{"self":[{"href":"https:\/\/actionmall.act.at\/shop\/868\/en\/wp-json\/wp\/v2\/product\/427"}],"collection":[{"href":"https:\/\/actionmall.act.at\/shop\/868\/en\/wp-json\/wp\/v2\/product"}],"about":[{"href":"https:\/\/actionmall.act.at\/shop\/868\/en\/wp-json\/wp\/v2\/types\/product"}],"wp:featuredmedia":[{"embeddable":true,"href":"https:\/\/actionmall.act.at\/shop\/868\/en\/wp-json\/wp\/v2\/media\/429"}],"wp:attachment":[{"href":"https:\/\/actionmall.act.at\/shop\/868\/en\/wp-json\/wp\/v2\/media?parent=427"}],"wp:term":[{"taxonomy":"product_cat","embeddable":true,"href":"https:\/\/actionmall.act.at\/shop\/868\/en\/wp-json\/wp\/v2\/product_cat?post=427"},{"taxonomy":"product_tag","embeddable":true,"href":"https:\/\/actionmall.act.at\/shop\/868\/en\/wp-json\/wp\/v2\/product_tag?post=427"}],"curies":[{"name":"wp","href":"https:\/\/api.w.org\/{rel}","templated":true}]}}