{"id":464,"date":"2026-01-07T12:44:28","date_gmt":"2026-01-07T11:44:28","guid":{"rendered":"https:\/\/actionmall.act.at\/shop\/868\/?post_type=product&#038;p=464"},"modified":"2026-01-07T12:52:20","modified_gmt":"2026-01-07T11:52:20","slug":"lenovo-thinkvision-t24m","status":"publish","type":"product","link":"https:\/\/actionmall.act.at\/shop\/868\/en\/produkt\/lenovo-thinkvision-t24m\/","title":{"rendered":"Lenovo ThinkVision T24m"},"content":{"rendered":"<p>Der Lenovo ThinkVision T24m-29 ist ein 23,8-Zoll-FHD-Monitor mit IPS-Panel, nahezu rahmenlosem 3-Seiten-Design und DisplayPort-Daisy-Chain-Funktion f\u00fcr effizientes Multitasking. Er bietet flexible Anschlussm\u00f6glichkeiten, integrierte Stereolautsprecher und augenschonende Technologien wie T\u00dcV Rheinland Eye Comfort und Low Blue Light.<\/p>\n","protected":false},"excerpt":{"rendered":"<p>Der Lenovo ThinkVision T24m-29 ist ein 23,8-Zoll-FHD-Monitor mit IPS-Panel, nahezu rahmenlosem 3-Seiten-Design und DisplayPort-Daisy-Chain-Funktion f\u00fcr effizientes Multitasking. Er bietet flexible Anschlussm\u00f6glichkeiten, integrierte Stereolautsprecher und augenschonende Technologien wie T\u00dcV Rheinland Eye Comfort und Low Blue Light.<\/p>\n","protected":false},"featured_media":465,"template":"","meta":[],"product_cat":[],"product_tag":[],"class_list":{"0":"post-464","1":"product","2":"type-product","3":"status-publish","4":"has-post-thumbnail","7":"first","8":"instock","9":"taxable","10":"shipping-taxable","11":"purchasable","12":"product-type-simple"},"_links":{"self":[{"href":"https:\/\/actionmall.act.at\/shop\/868\/en\/wp-json\/wp\/v2\/product\/464"}],"collection":[{"href":"https:\/\/actionmall.act.at\/shop\/868\/en\/wp-json\/wp\/v2\/product"}],"about":[{"href":"https:\/\/actionmall.act.at\/shop\/868\/en\/wp-json\/wp\/v2\/types\/product"}],"wp:featuredmedia":[{"embeddable":true,"href":"https:\/\/actionmall.act.at\/shop\/868\/en\/wp-json\/wp\/v2\/media\/465"}],"wp:attachment":[{"href":"https:\/\/actionmall.act.at\/shop\/868\/en\/wp-json\/wp\/v2\/media?parent=464"}],"wp:term":[{"taxonomy":"product_cat","embeddable":true,"href":"https:\/\/actionmall.act.at\/shop\/868\/en\/wp-json\/wp\/v2\/product_cat?post=464"},{"taxonomy":"product_tag","embeddable":true,"href":"https:\/\/actionmall.act.at\/shop\/868\/en\/wp-json\/wp\/v2\/product_tag?post=464"}],"curies":[{"name":"wp","href":"https:\/\/api.w.org\/{rel}","templated":true}]}}