{"id":255,"date":"2025-05-07T12:53:49","date_gmt":"2025-05-07T10:53:49","guid":{"rendered":"https:\/\/actionmall.act.at\/shop\/868\/?post_type=product&#038;p=255"},"modified":"2026-01-07T13:04:49","modified_gmt":"2026-01-07T12:04:49","slug":"ipad-10-generation-64-gb-pink","status":"publish","type":"product","link":"https:\/\/actionmall.act.at\/shop\/868\/produkt\/ipad-10-generation-64-gb-pink\/","title":{"rendered":"iPad 10. Generation, 64 GB, Pink"},"content":{"rendered":"<p>Der optimale Begleiter f\u00fcr kreative Mitarbeiter und Mitarbeiterinnen im B\u00fcro oder Homeoffice. Dank des modernen Designs und leistungsstarken Prozessors, k\u00f6nnen Ideen jederzeit und \u00fcberall direkt umgesetzt werden.<\/p>\n<p><strong>A14 Chip<\/strong><br \/>\n<strong>64 GB Speicherplatz<\/strong><br \/>\n<strong>12 MP Weitwinkel-Kamera<\/strong><br \/>\n<strong>10,9&#8243; Liquid Retina Display<\/strong><\/p>\n","protected":false},"excerpt":{"rendered":"<p>Der optimale Begleiter f\u00fcr kreative Mitarbeiter und Mitarbeiterinnen im B\u00fcro oder Homeoffice. Dank des modernen Designs und leistungsstarken Prozessors, k\u00f6nnen Ideen jederzeit und \u00fcberall direkt umgesetzt werden. A14 Chip 64 GB Speicherplatz 12 MP Weitwinkel-Kamera 10,9&#8243; Liquid Retina Display<\/p>\n","protected":false},"featured_media":389,"template":"","meta":[],"product_cat":[],"product_tag":[],"class_list":{"0":"post-255","1":"product","2":"type-product","3":"status-publish","4":"has-post-thumbnail","7":"first","8":"instock","9":"taxable","10":"shipping-taxable","11":"purchasable","12":"product-type-simple"},"_links":{"self":[{"href":"https:\/\/actionmall.act.at\/shop\/868\/wp-json\/wp\/v2\/product\/255"}],"collection":[{"href":"https:\/\/actionmall.act.at\/shop\/868\/wp-json\/wp\/v2\/product"}],"about":[{"href":"https:\/\/actionmall.act.at\/shop\/868\/wp-json\/wp\/v2\/types\/product"}],"wp:featuredmedia":[{"embeddable":true,"href":"https:\/\/actionmall.act.at\/shop\/868\/wp-json\/wp\/v2\/media\/389"}],"wp:attachment":[{"href":"https:\/\/actionmall.act.at\/shop\/868\/wp-json\/wp\/v2\/media?parent=255"}],"wp:term":[{"taxonomy":"product_cat","embeddable":true,"href":"https:\/\/actionmall.act.at\/shop\/868\/wp-json\/wp\/v2\/product_cat?post=255"},{"taxonomy":"product_tag","embeddable":true,"href":"https:\/\/actionmall.act.at\/shop\/868\/wp-json\/wp\/v2\/product_tag?post=255"}],"curies":[{"name":"wp","href":"https:\/\/api.w.org\/{rel}","templated":true}]}}