{"id":296,"date":"2025-05-07T14:54:58","date_gmt":"2025-05-07T12:54:58","guid":{"rendered":"https:\/\/actionmall.act.at\/shop\/868\/?post_type=product&#038;p=296"},"modified":"2026-01-07T13:03:52","modified_gmt":"2026-01-07T12:03:52","slug":"swopper-ergonomischer-sitzhocker","status":"publish","type":"product","link":"https:\/\/actionmall.act.at\/shop\/868\/produkt\/swopper-ergonomischer-sitzhocker\/","title":{"rendered":"Swopper \u2013 Ergonomischer Sitzhocker"},"content":{"rendered":"<p>Dieser ergonomische Hocker f\u00f6rdert durch seinen flexiblen Federmechanismus eine gesunde und dynamische Sitzhaltung. Ideal f\u00fcr B\u00fcro, Homeoffice oder Praxisr\u00e4ume.<\/p>\n<p><strong>Kompaktes Design<br \/>\n<\/strong><strong>H\u00f6henverstellbar<br \/>\n<\/strong><strong>360\u00b0 Beweglichkeit<br \/>\n<\/strong><strong>Ergonomisch<\/strong><\/p>\n","protected":false},"excerpt":{"rendered":"<p>Dieser ergonomische Hocker f\u00f6rdert durch seinen flexiblen Federmechanismus eine gesunde und dynamische Sitzhaltung. Ideal f\u00fcr B\u00fcro, Homeoffice oder Praxisr\u00e4ume. Kompaktes Design H\u00f6henverstellbar 360\u00b0 Beweglichkeit Ergonomisch<\/p>\n","protected":false},"featured_media":402,"template":"","meta":[],"product_cat":[],"product_tag":[],"class_list":{"0":"post-296","1":"product","2":"type-product","3":"status-publish","4":"has-post-thumbnail","7":"first","8":"instock","9":"taxable","10":"shipping-taxable","11":"purchasable","12":"product-type-simple"},"_links":{"self":[{"href":"https:\/\/actionmall.act.at\/shop\/868\/wp-json\/wp\/v2\/product\/296"}],"collection":[{"href":"https:\/\/actionmall.act.at\/shop\/868\/wp-json\/wp\/v2\/product"}],"about":[{"href":"https:\/\/actionmall.act.at\/shop\/868\/wp-json\/wp\/v2\/types\/product"}],"wp:featuredmedia":[{"embeddable":true,"href":"https:\/\/actionmall.act.at\/shop\/868\/wp-json\/wp\/v2\/media\/402"}],"wp:attachment":[{"href":"https:\/\/actionmall.act.at\/shop\/868\/wp-json\/wp\/v2\/media?parent=296"}],"wp:term":[{"taxonomy":"product_cat","embeddable":true,"href":"https:\/\/actionmall.act.at\/shop\/868\/wp-json\/wp\/v2\/product_cat?post=296"},{"taxonomy":"product_tag","embeddable":true,"href":"https:\/\/actionmall.act.at\/shop\/868\/wp-json\/wp\/v2\/product_tag?post=296"}],"curies":[{"name":"wp","href":"https:\/\/api.w.org\/{rel}","templated":true}]}}