{"id":298,"date":"2025-05-07T14:58:14","date_gmt":"2025-05-07T12:58:14","guid":{"rendered":"https:\/\/actionmall.act.at\/shop\/868\/?post_type=product&#038;p=298"},"modified":"2026-01-07T13:03:09","modified_gmt":"2026-01-07T12:03:09","slug":"schutzhuelle-magnetisch-lenovo-notebook-think-pad-x1-yoga-gen-8-14-zoll","status":"publish","type":"product","link":"https:\/\/actionmall.act.at\/shop\/868\/produkt\/schutzhuelle-magnetisch-lenovo-notebook-think-pad-x1-yoga-gen-8-14-zoll\/","title":{"rendered":"Schutzh\u00fclle magnetisch &#8211; Lenovo Notebook Think Pad X1 Yoga Gen 8 (14 Zoll)"},"content":{"rendered":"<p>Die ThinkPad Professional Schutzh\u00fclle ist im klassischen ThinkPad Design erh\u00e4ltlich. Au\u00dferdem ist sie besonders praktischgestaltet &#8211; ideal f\u00fcr Pendler. Dank der leicht zug\u00e4nglichen Tasche auf der Vorderseite k\u00f6nnen Sie Mobiltelefon, Kabel und Zubeh\u00f6r ganz einfach verstauen. Zudem besteht die Schutzh\u00fclle aus veganem Leder, recyceltem Kunststoff und Bambusfasern, damit Sie der Umwelt gegen\u00fcber ein gutes Gewissen haben k\u00f6nnen.<\/p>\n","protected":false},"excerpt":{"rendered":"<p>Die ThinkPad Professional Schutzh\u00fclle ist im klassischen ThinkPad Design erh\u00e4ltlich. Au\u00dferdem ist sie besonders praktischgestaltet &#8211; ideal f\u00fcr Pendler. Dank der leicht zug\u00e4nglichen Tasche auf der Vorderseite k\u00f6nnen Sie Mobiltelefon, Kabel und Zubeh\u00f6r ganz einfach verstauen. Zudem besteht die Schutzh\u00fclle aus veganem Leder, recyceltem Kunststoff und Bambusfasern, damit Sie der Umwelt gegen\u00fcber ein gutes Gewissen [&hellip;]<\/p>\n","protected":false},"featured_media":394,"template":"","meta":[],"product_cat":[],"product_tag":[],"class_list":{"0":"post-298","1":"product","2":"type-product","3":"status-publish","4":"has-post-thumbnail","7":"first","8":"instock","9":"taxable","10":"shipping-taxable","11":"purchasable","12":"product-type-simple"},"_links":{"self":[{"href":"https:\/\/actionmall.act.at\/shop\/868\/wp-json\/wp\/v2\/product\/298"}],"collection":[{"href":"https:\/\/actionmall.act.at\/shop\/868\/wp-json\/wp\/v2\/product"}],"about":[{"href":"https:\/\/actionmall.act.at\/shop\/868\/wp-json\/wp\/v2\/types\/product"}],"wp:featuredmedia":[{"embeddable":true,"href":"https:\/\/actionmall.act.at\/shop\/868\/wp-json\/wp\/v2\/media\/394"}],"wp:attachment":[{"href":"https:\/\/actionmall.act.at\/shop\/868\/wp-json\/wp\/v2\/media?parent=298"}],"wp:term":[{"taxonomy":"product_cat","embeddable":true,"href":"https:\/\/actionmall.act.at\/shop\/868\/wp-json\/wp\/v2\/product_cat?post=298"},{"taxonomy":"product_tag","embeddable":true,"href":"https:\/\/actionmall.act.at\/shop\/868\/wp-json\/wp\/v2\/product_tag?post=298"}],"curies":[{"name":"wp","href":"https:\/\/api.w.org\/{rel}","templated":true}]}}