{"id":299,"date":"2025-05-07T14:59:27","date_gmt":"2025-05-07T12:59:27","guid":{"rendered":"https:\/\/actionmall.act.at\/shop\/868\/?post_type=product&#038;p=299"},"modified":"2026-01-07T13:02:38","modified_gmt":"2026-01-07T12:02:38","slug":"officespace-tisch","status":"publish","type":"product","link":"https:\/\/actionmall.act.at\/shop\/868\/produkt\/officespace-tisch\/","title":{"rendered":"OfficeSpace Tisch"},"content":{"rendered":"<p>Dieser Tisch wurde spezifisch f\u00fcr Gro\u00dfraumb\u00fcros angefertigt. Dank der integrierten Kabel\u00f6ffnung bleibt der Arbeitsplatz stets ordentlich, w\u00e4hrend Monitor und Zubeh\u00f6r optimal angeschlossen werden k\u00f6nnen.<\/p>\n<p><strong>Robuste Bauweise<\/strong><br \/>\n<strong>Hohe Stabilit\u00e4t<\/strong><br \/>\n<strong>Modernes Design<\/strong><br \/>\n<strong>Kabel\u00f6ffnung<\/strong><\/p>\n","protected":false},"excerpt":{"rendered":"<p>Dieser Tisch wurde spezifisch f\u00fcr Gro\u00dfraumb\u00fcros angefertigt. Dank der integrierten Kabel\u00f6ffnung bleibt der Arbeitsplatz stets ordentlich, w\u00e4hrend Monitor und Zubeh\u00f6r optimal angeschlossen werden k\u00f6nnen. Robuste Bauweise Hohe Stabilit\u00e4t Modernes Design Kabel\u00f6ffnung<\/p>\n","protected":false},"featured_media":399,"template":"","meta":[],"product_cat":[],"product_tag":[],"class_list":{"0":"post-299","1":"product","2":"type-product","3":"status-publish","4":"has-post-thumbnail","7":"first","8":"instock","9":"taxable","10":"shipping-taxable","11":"purchasable","12":"product-type-simple"},"_links":{"self":[{"href":"https:\/\/actionmall.act.at\/shop\/868\/wp-json\/wp\/v2\/product\/299"}],"collection":[{"href":"https:\/\/actionmall.act.at\/shop\/868\/wp-json\/wp\/v2\/product"}],"about":[{"href":"https:\/\/actionmall.act.at\/shop\/868\/wp-json\/wp\/v2\/types\/product"}],"wp:featuredmedia":[{"embeddable":true,"href":"https:\/\/actionmall.act.at\/shop\/868\/wp-json\/wp\/v2\/media\/399"}],"wp:attachment":[{"href":"https:\/\/actionmall.act.at\/shop\/868\/wp-json\/wp\/v2\/media?parent=299"}],"wp:term":[{"taxonomy":"product_cat","embeddable":true,"href":"https:\/\/actionmall.act.at\/shop\/868\/wp-json\/wp\/v2\/product_cat?post=299"},{"taxonomy":"product_tag","embeddable":true,"href":"https:\/\/actionmall.act.at\/shop\/868\/wp-json\/wp\/v2\/product_tag?post=299"}],"curies":[{"name":"wp","href":"https:\/\/api.w.org\/{rel}","templated":true}]}}