{"id":316,"date":"2025-05-14T12:23:34","date_gmt":"2025-05-14T10:23:34","guid":{"rendered":"https:\/\/actionmall.act.at\/shop\/868\/?post_type=product&#038;p=316"},"modified":"2026-01-07T13:01:52","modified_gmt":"2026-01-07T12:01:52","slug":"meetingspot-stehtisch","status":"publish","type":"product","link":"https:\/\/actionmall.act.at\/shop\/868\/produkt\/meetingspot-stehtisch\/","title":{"rendered":"MeetingSpot Stehtisch"},"content":{"rendered":"<p>Unser Stehtisch ist die ideale Erg\u00e4nzung f\u00fcr Meetings, Pausen oder spontane Gespr\u00e4che im B\u00fcro. Dank seiner kompakten Gr\u00f6\u00dfe l\u00e4sst er sich flexibel in jede Umgebung platzieren.<\/p>\n<p><strong>Hochwertige Tischplatte<\/strong><br \/>\n<strong>Marmoraufdruck<\/strong><br \/>\n<strong>Kompakte Gr\u00f6\u00dfe<\/strong><\/p>\n","protected":false},"excerpt":{"rendered":"<p>Unser Stehtisch ist die ideale Erg\u00e4nzung f\u00fcr Meetings, Pausen oder spontane Gespr\u00e4che im B\u00fcro. Dank seiner kompakten Gr\u00f6\u00dfe l\u00e4sst er sich flexibel in jede Umgebung platzieren. Hochwertige Tischplatte Marmoraufdruck Kompakte Gr\u00f6\u00dfe<\/p>\n","protected":false},"featured_media":398,"template":"","meta":[],"product_cat":[],"product_tag":[],"class_list":{"0":"post-316","1":"product","2":"type-product","3":"status-publish","4":"has-post-thumbnail","7":"first","8":"instock","9":"taxable","10":"shipping-taxable","11":"purchasable","12":"product-type-simple"},"_links":{"self":[{"href":"https:\/\/actionmall.act.at\/shop\/868\/wp-json\/wp\/v2\/product\/316"}],"collection":[{"href":"https:\/\/actionmall.act.at\/shop\/868\/wp-json\/wp\/v2\/product"}],"about":[{"href":"https:\/\/actionmall.act.at\/shop\/868\/wp-json\/wp\/v2\/types\/product"}],"wp:featuredmedia":[{"embeddable":true,"href":"https:\/\/actionmall.act.at\/shop\/868\/wp-json\/wp\/v2\/media\/398"}],"wp:attachment":[{"href":"https:\/\/actionmall.act.at\/shop\/868\/wp-json\/wp\/v2\/media?parent=316"}],"wp:term":[{"taxonomy":"product_cat","embeddable":true,"href":"https:\/\/actionmall.act.at\/shop\/868\/wp-json\/wp\/v2\/product_cat?post=316"},{"taxonomy":"product_tag","embeddable":true,"href":"https:\/\/actionmall.act.at\/shop\/868\/wp-json\/wp\/v2\/product_tag?post=316"}],"curies":[{"name":"wp","href":"https:\/\/api.w.org\/{rel}","templated":true}]}}