{"id":318,"date":"2025-05-14T12:29:27","date_gmt":"2025-05-14T10:29:27","guid":{"rendered":"https:\/\/actionmall.act.at\/shop\/868\/?post_type=product&#038;p=318"},"modified":"2026-01-07T13:01:07","modified_gmt":"2026-01-07T12:01:07","slug":"lenovo-notebook-think-pad-x1-yoga-gen-8-14-zoll","status":"publish","type":"product","link":"https:\/\/actionmall.act.at\/shop\/868\/produkt\/lenovo-notebook-think-pad-x1-yoga-gen-8-14-zoll\/","title":{"rendered":"Lenovo Notebook Think Pad X1 Yoga Gen 8 (14 Zoll)"},"content":{"rendered":"<p>H\u00f6chstleistung Tag und Nacht<br \/>\nF\u00fcr Intel\u00ae\u00a0Evo\u2122 zertifiziert, mit bis zu Intel\u00ae\u00a0Core\u2122 vPro\u00ae<br \/>\nDoppelt so viel Arbeits- und Massenspeicherkapazit\u00e4t wie die Vorg\u00e4ngergeneration<br \/>\nBeeindruckendes OLED-Display mit hoher Aufl\u00f6sung und Eyesafe\u00ae-Zertifizierung<br \/>\nVier 360-Grad-Mikrofone mit KI-basierter Ger\u00e4uschunterdr\u00fcckungstechnologie und Dolby Voice\u00ae<br \/>\nModernste Sicherheitsmerkmale und nach Milit\u00e4rstandards auf Robustheit getestet<br \/>\nKommunikationsleiste f\u00fcr verbesserte Zusammenarbeit<\/p>\n","protected":false},"excerpt":{"rendered":"<p>H\u00f6chstleistung Tag und Nacht F\u00fcr Intel\u00ae\u00a0Evo\u2122 zertifiziert, mit bis zu Intel\u00ae\u00a0Core\u2122 vPro\u00ae Doppelt so viel Arbeits- und Massenspeicherkapazit\u00e4t wie die Vorg\u00e4ngergeneration Beeindruckendes OLED-Display mit hoher Aufl\u00f6sung und Eyesafe\u00ae-Zertifizierung Vier 360-Grad-Mikrofone mit KI-basierter Ger\u00e4uschunterdr\u00fcckungstechnologie und Dolby Voice\u00ae Modernste Sicherheitsmerkmale und nach Milit\u00e4rstandards auf Robustheit getestet Kommunikationsleiste f\u00fcr verbesserte Zusammenarbeit<\/p>\n","protected":false},"featured_media":393,"template":"","meta":[],"product_cat":[],"product_tag":[],"class_list":{"0":"post-318","1":"product","2":"type-product","3":"status-publish","4":"has-post-thumbnail","7":"first","8":"instock","9":"taxable","10":"shipping-taxable","11":"purchasable","12":"product-type-simple"},"_links":{"self":[{"href":"https:\/\/actionmall.act.at\/shop\/868\/wp-json\/wp\/v2\/product\/318"}],"collection":[{"href":"https:\/\/actionmall.act.at\/shop\/868\/wp-json\/wp\/v2\/product"}],"about":[{"href":"https:\/\/actionmall.act.at\/shop\/868\/wp-json\/wp\/v2\/types\/product"}],"wp:featuredmedia":[{"embeddable":true,"href":"https:\/\/actionmall.act.at\/shop\/868\/wp-json\/wp\/v2\/media\/393"}],"wp:attachment":[{"href":"https:\/\/actionmall.act.at\/shop\/868\/wp-json\/wp\/v2\/media?parent=318"}],"wp:term":[{"taxonomy":"product_cat","embeddable":true,"href":"https:\/\/actionmall.act.at\/shop\/868\/wp-json\/wp\/v2\/product_cat?post=318"},{"taxonomy":"product_tag","embeddable":true,"href":"https:\/\/actionmall.act.at\/shop\/868\/wp-json\/wp\/v2\/product_tag?post=318"}],"curies":[{"name":"wp","href":"https:\/\/api.w.org\/{rel}","templated":true}]}}