{"id":319,"date":"2025-05-14T12:31:53","date_gmt":"2025-05-14T10:31:53","guid":{"rendered":"https:\/\/actionmall.act.at\/shop\/868\/?post_type=product&#038;p=319"},"modified":"2026-01-07T13:00:44","modified_gmt":"2026-01-07T12:00:44","slug":"jbl-live-pro-2-tws-schwarz","status":"publish","type":"product","link":"https:\/\/actionmall.act.at\/shop\/868\/produkt\/jbl-live-pro-2-tws-schwarz\/","title":{"rendered":"JBL Live Pro 2 TWS schwarz"},"content":{"rendered":"<p>Die JBL Live Pro 2 TWS \u00fcberzeugen durch ihren ausgewogenen Sound. Aufgrund von adaptivem Noise-Cancelling sind sie perfekt f\u00fcr den Weg zur Arbeit oder f\u00fcr lange Zugfahrten.<\/p>\n<p><strong>JBL Signature Sound<\/strong><br \/>\n<strong>Adaptives Noise-Cancelling<\/strong><br \/>\n<strong>40 (10+30) Stunden Wiedergabe mit kabellosem Laden<\/strong><\/p>\n","protected":false},"excerpt":{"rendered":"<p>Die JBL Live Pro 2 TWS \u00fcberzeugen durch ihren ausgewogenen Sound. Aufgrund von adaptivem Noise-Cancelling sind sie perfekt f\u00fcr den Weg zur Arbeit oder f\u00fcr lange Zugfahrten. JBL Signature Sound Adaptives Noise-Cancelling 40 (10+30) Stunden Wiedergabe mit kabellosem Laden<\/p>\n","protected":false},"featured_media":391,"template":"","meta":[],"product_cat":[],"product_tag":[],"class_list":{"0":"post-319","1":"product","2":"type-product","3":"status-publish","4":"has-post-thumbnail","7":"first","8":"instock","9":"taxable","10":"shipping-taxable","11":"purchasable","12":"product-type-simple"},"_links":{"self":[{"href":"https:\/\/actionmall.act.at\/shop\/868\/wp-json\/wp\/v2\/product\/319"}],"collection":[{"href":"https:\/\/actionmall.act.at\/shop\/868\/wp-json\/wp\/v2\/product"}],"about":[{"href":"https:\/\/actionmall.act.at\/shop\/868\/wp-json\/wp\/v2\/types\/product"}],"wp:featuredmedia":[{"embeddable":true,"href":"https:\/\/actionmall.act.at\/shop\/868\/wp-json\/wp\/v2\/media\/391"}],"wp:attachment":[{"href":"https:\/\/actionmall.act.at\/shop\/868\/wp-json\/wp\/v2\/media?parent=319"}],"wp:term":[{"taxonomy":"product_cat","embeddable":true,"href":"https:\/\/actionmall.act.at\/shop\/868\/wp-json\/wp\/v2\/product_cat?post=319"},{"taxonomy":"product_tag","embeddable":true,"href":"https:\/\/actionmall.act.at\/shop\/868\/wp-json\/wp\/v2\/product_tag?post=319"}],"curies":[{"name":"wp","href":"https:\/\/api.w.org\/{rel}","templated":true}]}}