{"id":321,"date":"2025-05-14T12:37:30","date_gmt":"2025-05-14T10:37:30","guid":{"rendered":"https:\/\/actionmall.act.at\/shop\/868\/?post_type=product&#038;p=321"},"modified":"2026-01-07T13:00:24","modified_gmt":"2026-01-07T12:00:24","slug":"ergoflex-hoehenverstellbarer-schreibtisch","status":"publish","type":"product","link":"https:\/\/actionmall.act.at\/shop\/868\/produkt\/ergoflex-hoehenverstellbarer-schreibtisch\/","title":{"rendered":"ErgoFlex H\u00f6henverstellbarer Schreibtisch"},"content":{"rendered":"<p>Er passt sich m\u00fchelos den individuellen Bed\u00fcrfnissen Ihrer Mitarbeiter an und f\u00f6rdert eine gesunde Arbeitsweise. Durch einen Knopfdruck l\u00e4sst sich die H\u00f6he anpassen, um stehendes Arbeiten zu erm\u00f6glichen.<\/p>\n<p>&nbsp;<\/p>\n<p><strong>Stufenlos h\u00f6henverstellbar<\/strong><br \/>\n<strong>Leistungsstarker Motor<\/strong><br \/>\n<strong>Stilvolles Design<\/strong><\/p>\n","protected":false},"excerpt":{"rendered":"<p>Er passt sich m\u00fchelos den individuellen Bed\u00fcrfnissen Ihrer Mitarbeiter an und f\u00f6rdert eine gesunde Arbeitsweise. Durch einen Knopfdruck l\u00e4sst sich die H\u00f6he anpassen, um stehendes Arbeiten zu erm\u00f6glichen. &nbsp; Stufenlos h\u00f6henverstellbar Leistungsstarker Motor Stilvolles Design<\/p>\n","protected":false},"featured_media":397,"template":"","meta":[],"product_cat":[],"product_tag":[],"class_list":{"0":"post-321","1":"product","2":"type-product","3":"status-publish","4":"has-post-thumbnail","7":"first","8":"instock","9":"taxable","10":"shipping-taxable","11":"purchasable","12":"product-type-simple"},"_links":{"self":[{"href":"https:\/\/actionmall.act.at\/shop\/868\/wp-json\/wp\/v2\/product\/321"}],"collection":[{"href":"https:\/\/actionmall.act.at\/shop\/868\/wp-json\/wp\/v2\/product"}],"about":[{"href":"https:\/\/actionmall.act.at\/shop\/868\/wp-json\/wp\/v2\/types\/product"}],"wp:featuredmedia":[{"embeddable":true,"href":"https:\/\/actionmall.act.at\/shop\/868\/wp-json\/wp\/v2\/media\/397"}],"wp:attachment":[{"href":"https:\/\/actionmall.act.at\/shop\/868\/wp-json\/wp\/v2\/media?parent=321"}],"wp:term":[{"taxonomy":"product_cat","embeddable":true,"href":"https:\/\/actionmall.act.at\/shop\/868\/wp-json\/wp\/v2\/product_cat?post=321"},{"taxonomy":"product_tag","embeddable":true,"href":"https:\/\/actionmall.act.at\/shop\/868\/wp-json\/wp\/v2\/product_tag?post=321"}],"curies":[{"name":"wp","href":"https:\/\/api.w.org\/{rel}","templated":true}]}}