{"id":322,"date":"2025-05-14T12:52:47","date_gmt":"2025-05-14T10:52:47","guid":{"rendered":"https:\/\/actionmall.act.at\/shop\/868\/?post_type=product&#038;p=322"},"modified":"2026-01-07T12:59:49","modified_gmt":"2026-01-07T11:59:49","slug":"chefsessel","status":"publish","type":"product","link":"https:\/\/actionmall.act.at\/shop\/868\/produkt\/chefsessel\/","title":{"rendered":"Chefsessel"},"content":{"rendered":"<p>Dieser hochwertige Chefsessel kombiniert exklusives Design mit maximalem Komfort. Die ergonomische Polsterung und die zahlreichen Einstellm\u00f6glichkeiten machen ihn ideal f\u00fcr lange Arbeitstage im B\u00fcro oder Homeoffice.<\/p>\n<p><strong>Edles Design<br \/>\n<\/strong><strong>Komfortable Armlehnen<br \/>\n<\/strong><strong>Extra gro\u00dfer Sitzpolster<\/strong><\/p>\n","protected":false},"excerpt":{"rendered":"<p>Dieser hochwertige Chefsessel kombiniert exklusives Design mit maximalem Komfort. Die ergonomische Polsterung und die zahlreichen Einstellm\u00f6glichkeiten machen ihn ideal f\u00fcr lange Arbeitstage im B\u00fcro oder Homeoffice. Edles Design Komfortable Armlehnen Extra gro\u00dfer Sitzpolster<\/p>\n","protected":false},"featured_media":403,"template":"","meta":[],"product_cat":[],"product_tag":[],"class_list":{"0":"post-322","1":"product","2":"type-product","3":"status-publish","4":"has-post-thumbnail","7":"first","8":"instock","9":"taxable","10":"shipping-taxable","11":"purchasable","12":"product-type-simple"},"_links":{"self":[{"href":"https:\/\/actionmall.act.at\/shop\/868\/wp-json\/wp\/v2\/product\/322"}],"collection":[{"href":"https:\/\/actionmall.act.at\/shop\/868\/wp-json\/wp\/v2\/product"}],"about":[{"href":"https:\/\/actionmall.act.at\/shop\/868\/wp-json\/wp\/v2\/types\/product"}],"wp:featuredmedia":[{"embeddable":true,"href":"https:\/\/actionmall.act.at\/shop\/868\/wp-json\/wp\/v2\/media\/403"}],"wp:attachment":[{"href":"https:\/\/actionmall.act.at\/shop\/868\/wp-json\/wp\/v2\/media?parent=322"}],"wp:term":[{"taxonomy":"product_cat","embeddable":true,"href":"https:\/\/actionmall.act.at\/shop\/868\/wp-json\/wp\/v2\/product_cat?post=322"},{"taxonomy":"product_tag","embeddable":true,"href":"https:\/\/actionmall.act.at\/shop\/868\/wp-json\/wp\/v2\/product_tag?post=322"}],"curies":[{"name":"wp","href":"https:\/\/api.w.org\/{rel}","templated":true}]}}