{"id":460,"date":"2025-12-10T13:13:07","date_gmt":"2025-12-10T12:13:07","guid":{"rendered":"https:\/\/actionmall.act.at\/shop\/868\/?post_type=product&#038;p=460"},"modified":"2026-01-07T12:54:10","modified_gmt":"2026-01-07T11:54:10","slug":"airpods-max","status":"publish","type":"product","link":"https:\/\/actionmall.act.at\/shop\/868\/produkt\/airpods-max\/","title":{"rendered":"Airpods Max"},"content":{"rendered":"<p>Die AirPods Max liefern hochaufl\u00f6sendes Hi-Fi Audio, kraftvollen Bass und beeindruckend klare Details \u2013 perfekt abgestimmt durch adaptiven EQ und personalisiertes 3D Audio. Mit Pro-Level Ger\u00e4uschunterdr\u00fcckung, Transparenzmodus und luxuri\u00f6sem Tragekomfort bieten sie ein immersives H\u00f6rerlebnis f\u00fcr Musik, Filme und Gaming. Premium-Sound f\u00fcr alle, die das Beste wollen.<\/p>\n","protected":false},"excerpt":{"rendered":"<p>Die AirPods Max liefern hochaufl\u00f6sendes Hi-Fi Audio, kraftvollen Bass und beeindruckend klare Details \u2013 perfekt abgestimmt durch adaptiven EQ und personalisiertes 3D Audio. Mit Pro-Level Ger\u00e4uschunterdr\u00fcckung, Transparenzmodus und luxuri\u00f6sem Tragekomfort bieten sie ein immersives H\u00f6rerlebnis f\u00fcr Musik, Filme und Gaming. Premium-Sound f\u00fcr alle, die das Beste wollen.<\/p>\n","protected":false},"featured_media":461,"template":"","meta":[],"product_cat":[],"product_tag":[],"class_list":{"0":"post-460","1":"product","2":"type-product","3":"status-publish","4":"has-post-thumbnail","7":"first","8":"instock","9":"taxable","10":"shipping-taxable","11":"purchasable","12":"product-type-simple"},"_links":{"self":[{"href":"https:\/\/actionmall.act.at\/shop\/868\/wp-json\/wp\/v2\/product\/460"}],"collection":[{"href":"https:\/\/actionmall.act.at\/shop\/868\/wp-json\/wp\/v2\/product"}],"about":[{"href":"https:\/\/actionmall.act.at\/shop\/868\/wp-json\/wp\/v2\/types\/product"}],"wp:featuredmedia":[{"embeddable":true,"href":"https:\/\/actionmall.act.at\/shop\/868\/wp-json\/wp\/v2\/media\/461"}],"wp:attachment":[{"href":"https:\/\/actionmall.act.at\/shop\/868\/wp-json\/wp\/v2\/media?parent=460"}],"wp:term":[{"taxonomy":"product_cat","embeddable":true,"href":"https:\/\/actionmall.act.at\/shop\/868\/wp-json\/wp\/v2\/product_cat?post=460"},{"taxonomy":"product_tag","embeddable":true,"href":"https:\/\/actionmall.act.at\/shop\/868\/wp-json\/wp\/v2\/product_tag?post=460"}],"curies":[{"name":"wp","href":"https:\/\/api.w.org\/{rel}","templated":true}]}}