{"id":487,"date":"2026-04-15T14:14:14","date_gmt":"2026-04-15T12:14:14","guid":{"rendered":"https:\/\/actionmall.act.at\/shop\/868\/?post_type=product&#038;p=487"},"modified":"2026-04-15T14:23:16","modified_gmt":"2026-04-15T12:23:16","slug":"akustik-stellwand-silentspace-160x120cm-gruen","status":"publish","type":"product","link":"https:\/\/actionmall.act.at\/shop\/868\/produkt\/akustik-stellwand-silentspace-160x120cm-gruen\/","title":{"rendered":"Akustik-Stellwand \u201eSilentSpace\u201c (160x120cm) Gr\u00fcn"},"content":{"rendered":"<p>Die Akustik-Stellwand SilentSpace sorgt mit ihren Ma\u00dfen von 160&#215;120 cm f\u00fcr eine effektive Schallabsorption und verbesserte Konzentration in modernen Arbeitsumgebungen. Das mobile Element in nat\u00fcrlichem Gr\u00fcn dient gleichzeitig als flexibler Sichtschutz und bietet eine praktische, pinnbare Oberfl\u00e4che f\u00fcr Notizen. Dank der stabilen Standf\u00fc\u00dfe l\u00e4sst sich die Trennwand ohne Montage frei im Raum platzieren und gliedert Arbeitsbereiche auf optisch ansprechende Weise.<\/p>\n","protected":false},"excerpt":{"rendered":"<p>Die Akustik-Stellwand SilentSpace sorgt mit ihren Ma\u00dfen von 160&#215;120 cm f\u00fcr eine effektive Schallabsorption und verbesserte Konzentration in modernen Arbeitsumgebungen. Das mobile Element in nat\u00fcrlichem Gr\u00fcn dient gleichzeitig als flexibler Sichtschutz und bietet eine praktische, pinnbare Oberfl\u00e4che f\u00fcr Notizen. Dank der stabilen Standf\u00fc\u00dfe l\u00e4sst sich die Trennwand ohne Montage frei im Raum platzieren und gliedert [&hellip;]<\/p>\n","protected":false},"featured_media":490,"template":"","meta":[],"product_cat":[34],"product_tag":[],"class_list":{"0":"post-487","1":"product","2":"type-product","3":"status-publish","4":"has-post-thumbnail","6":"product_cat-autos-und-fahrzeuge","8":"first","9":"instock","10":"taxable","11":"shipping-taxable","12":"purchasable","13":"product-type-simple"},"_links":{"self":[{"href":"https:\/\/actionmall.act.at\/shop\/868\/wp-json\/wp\/v2\/product\/487"}],"collection":[{"href":"https:\/\/actionmall.act.at\/shop\/868\/wp-json\/wp\/v2\/product"}],"about":[{"href":"https:\/\/actionmall.act.at\/shop\/868\/wp-json\/wp\/v2\/types\/product"}],"wp:featuredmedia":[{"embeddable":true,"href":"https:\/\/actionmall.act.at\/shop\/868\/wp-json\/wp\/v2\/media\/490"}],"wp:attachment":[{"href":"https:\/\/actionmall.act.at\/shop\/868\/wp-json\/wp\/v2\/media?parent=487"}],"wp:term":[{"taxonomy":"product_cat","embeddable":true,"href":"https:\/\/actionmall.act.at\/shop\/868\/wp-json\/wp\/v2\/product_cat?post=487"},{"taxonomy":"product_tag","embeddable":true,"href":"https:\/\/actionmall.act.at\/shop\/868\/wp-json\/wp\/v2\/product_tag?post=487"}],"curies":[{"name":"wp","href":"https:\/\/api.w.org\/{rel}","templated":true}]}}