{"id":241,"date":"2024-10-14T14:29:41","date_gmt":"2024-10-14T12:29:41","guid":{"rendered":"https:\/\/actionmall.act.at\/shop\/907\/?post_type=product&#038;p=241"},"modified":"2024-10-14T14:29:41","modified_gmt":"2024-10-14T12:29:41","slug":"thermo-bot","status":"publish","type":"product","link":"https:\/\/actionmall.act.at\/shop\/907\/en\/produkt\/thermo-bot\/","title":{"rendered":"Thermo Bot"},"content":{"rendered":"<p><span data-teams=\"true\"><span class=\"ui-provider a b c d e f g h i j k l m n o p q r s t u v w x y z ab ac ae af ag ah ai aj ak\" dir=\"ltr\">Der ThermoBot liefert gezielte W\u00e4rme und passt die Temperatur automatisch an den Raum an. Mit intelligenter Sensorik und App-Steuerung sorgt er f\u00fcr ein angenehmes Raumklima, w\u00e4hrend er energieeffizient arbeitet. Kompakt, leise und einfach \u00fcberall einsetzbar.\u00a0<\/span><\/span><\/p>\n","protected":false},"excerpt":{"rendered":"<p>Der ThermoBot liefert gezielte W\u00e4rme und passt die Temperatur automatisch an den Raum an. Mit intelligenter Sensorik und App-Steuerung sorgt er f\u00fcr ein angenehmes Raumklima, w\u00e4hrend er energieeffizient arbeitet. Kompakt, leise und einfach \u00fcberall einsetzbar.\u00a0<\/p>\n","protected":false},"featured_media":244,"template":"","meta":[],"product_cat":[],"product_tag":[],"class_list":{"0":"post-241","1":"product","2":"type-product","3":"status-publish","4":"has-post-thumbnail","7":"first","8":"instock","9":"taxable","10":"shipping-taxable","11":"purchasable","12":"product-type-simple"},"_links":{"self":[{"href":"https:\/\/actionmall.act.at\/shop\/907\/en\/wp-json\/wp\/v2\/product\/241"}],"collection":[{"href":"https:\/\/actionmall.act.at\/shop\/907\/en\/wp-json\/wp\/v2\/product"}],"about":[{"href":"https:\/\/actionmall.act.at\/shop\/907\/en\/wp-json\/wp\/v2\/types\/product"}],"wp:featuredmedia":[{"embeddable":true,"href":"https:\/\/actionmall.act.at\/shop\/907\/en\/wp-json\/wp\/v2\/media\/244"}],"wp:attachment":[{"href":"https:\/\/actionmall.act.at\/shop\/907\/en\/wp-json\/wp\/v2\/media?parent=241"}],"wp:term":[{"taxonomy":"product_cat","embeddable":true,"href":"https:\/\/actionmall.act.at\/shop\/907\/en\/wp-json\/wp\/v2\/product_cat?post=241"},{"taxonomy":"product_tag","embeddable":true,"href":"https:\/\/actionmall.act.at\/shop\/907\/en\/wp-json\/wp\/v2\/product_tag?post=241"}],"curies":[{"name":"wp","href":"https:\/\/api.w.org\/{rel}","templated":true}]}}