{"id":242,"date":"2024-10-14T14:29:40","date_gmt":"2024-10-14T12:29:40","guid":{"rendered":"https:\/\/actionmall.act.at\/shop\/907\/?post_type=product&#038;p=242"},"modified":"2025-04-10T08:25:35","modified_gmt":"2025-04-10T06:25:35","slug":"cleanbot","status":"publish","type":"product","link":"https:\/\/actionmall.act.at\/shop\/907\/en\/produkt\/cleanbot\/","title":{"rendered":"CleanBot"},"content":{"rendered":"<p><span data-teams=\"true\"><span class=\"ui-provider lq ua lo ub uc ud ue uf ug uh ui uj uk ul um un uo up uq ur us ut uu uv uw ux uy uz va vb vc vd ve vf vg\" dir=\"ltr\">Der CleanBot vereint starke Saugkraft und eine effiziente Wischfunktion f\u00fcr ein rundum sauberes Zuhause. Er entfernt Staub, Schmutz und Haare zuverl\u00e4ssig und sorgt gleichzeitig f\u00fcr streifenfreie B\u00f6den. Mit seiner intelligenten Navigation meistert er Hindernisse und Treppen sicher, w\u00e4hrend er alle Bodenarten in einem Durchgang saugt und wischt. Ideal f\u00fcr eine schnelle und gr\u00fcndliche Reinigung!<\/span><\/span><\/p>\n","protected":false},"excerpt":{"rendered":"<p>Der CleanBot vereint starke Saugkraft und eine effiziente Wischfunktion f\u00fcr ein rundum sauberes Zuhause. Er entfernt Staub, Schmutz und Haare zuverl\u00e4ssig und sorgt gleichzeitig f\u00fcr streifenfreie B\u00f6den. Mit seiner intelligenten Navigation meistert er Hindernisse und Treppen sicher, w\u00e4hrend er alle Bodenarten in einem Durchgang saugt und wischt. Ideal f\u00fcr eine schnelle und gr\u00fcndliche Reinigung!<\/p>\n","protected":false},"featured_media":243,"template":"","meta":[],"product_cat":[],"product_tag":[],"class_list":{"0":"post-242","1":"product","2":"type-product","3":"status-publish","4":"has-post-thumbnail","7":"first","8":"instock","9":"taxable","10":"shipping-taxable","11":"purchasable","12":"product-type-simple"},"_links":{"self":[{"href":"https:\/\/actionmall.act.at\/shop\/907\/en\/wp-json\/wp\/v2\/product\/242"}],"collection":[{"href":"https:\/\/actionmall.act.at\/shop\/907\/en\/wp-json\/wp\/v2\/product"}],"about":[{"href":"https:\/\/actionmall.act.at\/shop\/907\/en\/wp-json\/wp\/v2\/types\/product"}],"wp:featuredmedia":[{"embeddable":true,"href":"https:\/\/actionmall.act.at\/shop\/907\/en\/wp-json\/wp\/v2\/media\/243"}],"wp:attachment":[{"href":"https:\/\/actionmall.act.at\/shop\/907\/en\/wp-json\/wp\/v2\/media?parent=242"}],"wp:term":[{"taxonomy":"product_cat","embeddable":true,"href":"https:\/\/actionmall.act.at\/shop\/907\/en\/wp-json\/wp\/v2\/product_cat?post=242"},{"taxonomy":"product_tag","embeddable":true,"href":"https:\/\/actionmall.act.at\/shop\/907\/en\/wp-json\/wp\/v2\/product_tag?post=242"}],"curies":[{"name":"wp","href":"https:\/\/api.w.org\/{rel}","templated":true}]}}