{"id":259,"date":"2024-10-14T14:57:31","date_gmt":"2024-10-14T12:57:31","guid":{"rendered":"https:\/\/actionmall.act.at\/shop\/907\/?post_type=product&#038;p=259"},"modified":"2024-11-11T13:44:42","modified_gmt":"2024-11-11T12:44:42","slug":"infoaero-robodrone","status":"publish","type":"product","link":"https:\/\/actionmall.act.at\/shop\/907\/en\/produkt\/infoaero-robodrone\/","title":{"rendered":"Infoaero RoboDrone"},"content":{"rendered":"<p>Die Infoaero Robodrone bietet eine 360\u00b0-HD-Kamera und fortschrittliche Sensoren f\u00fcr pr\u00e4zise Steuerung und Hindernisvermeidung. Dank ihrer robusten Bauweise ist sie ideal f\u00fcr \u00dcberwachungen, Inspektionen und Lieferungen. Mit langer Akkulaufzeit und einfacher Steuerung per App ist sie vielseitig einsetzbar und wetterbest\u00e4ndig.<\/p>\n","protected":false},"excerpt":{"rendered":"<p>Die Infoaero Robodrone bietet eine 360\u00b0-HD-Kamera und fortschrittliche Sensoren f\u00fcr pr\u00e4zise Steuerung und Hindernisvermeidung. Dank ihrer robusten Bauweise ist sie ideal f\u00fcr \u00dcberwachungen, Inspektionen und Lieferungen. Mit langer Akkulaufzeit und einfacher Steuerung per App ist sie vielseitig einsetzbar und wetterbest\u00e4ndig.<\/p>\n","protected":false},"featured_media":261,"template":"","meta":[],"product_cat":[],"product_tag":[],"class_list":{"0":"post-259","1":"product","2":"type-product","3":"status-publish","4":"has-post-thumbnail","7":"first","8":"instock","9":"taxable","10":"shipping-taxable","11":"purchasable","12":"product-type-simple"},"_links":{"self":[{"href":"https:\/\/actionmall.act.at\/shop\/907\/en\/wp-json\/wp\/v2\/product\/259"}],"collection":[{"href":"https:\/\/actionmall.act.at\/shop\/907\/en\/wp-json\/wp\/v2\/product"}],"about":[{"href":"https:\/\/actionmall.act.at\/shop\/907\/en\/wp-json\/wp\/v2\/types\/product"}],"wp:featuredmedia":[{"embeddable":true,"href":"https:\/\/actionmall.act.at\/shop\/907\/en\/wp-json\/wp\/v2\/media\/261"}],"wp:attachment":[{"href":"https:\/\/actionmall.act.at\/shop\/907\/en\/wp-json\/wp\/v2\/media?parent=259"}],"wp:term":[{"taxonomy":"product_cat","embeddable":true,"href":"https:\/\/actionmall.act.at\/shop\/907\/en\/wp-json\/wp\/v2\/product_cat?post=259"},{"taxonomy":"product_tag","embeddable":true,"href":"https:\/\/actionmall.act.at\/shop\/907\/en\/wp-json\/wp\/v2\/product_tag?post=259"}],"curies":[{"name":"wp","href":"https:\/\/api.w.org\/{rel}","templated":true}]}}