{"id":265,"date":"2024-10-14T15:05:27","date_gmt":"2024-10-14T13:05:27","guid":{"rendered":"https:\/\/actionmall.act.at\/shop\/907\/?post_type=product&#038;p=265"},"modified":"2024-11-11T13:43:24","modified_gmt":"2024-11-11T12:43:24","slug":"smartscrub","status":"publish","type":"product","link":"https:\/\/actionmall.act.at\/shop\/907\/en\/produkt\/smartscrub\/","title":{"rendered":"CleanScrub"},"content":{"rendered":"<p>Smart-Reinigungsroboter f\u00fcr B\u00fcros \u2013 Automatisierte Reinigung f\u00fcr effiziente Sauberkeit. Ideal f\u00fcr den t\u00e4glichen Einsatz in B\u00fcrofl\u00e4chen.<\/p>\n","protected":false},"excerpt":{"rendered":"<p>Smart-Reinigungsroboter f\u00fcr B\u00fcros \u2013 Automatisierte Reinigung f\u00fcr effiziente Sauberkeit. Ideal f\u00fcr den t\u00e4glichen Einsatz in B\u00fcrofl\u00e4chen.<\/p>\n","protected":false},"featured_media":266,"template":"","meta":[],"product_cat":[],"product_tag":[],"class_list":{"0":"post-265","1":"product","2":"type-product","3":"status-publish","4":"has-post-thumbnail","7":"first","8":"instock","9":"taxable","10":"shipping-taxable","11":"purchasable","12":"product-type-simple"},"_links":{"self":[{"href":"https:\/\/actionmall.act.at\/shop\/907\/en\/wp-json\/wp\/v2\/product\/265"}],"collection":[{"href":"https:\/\/actionmall.act.at\/shop\/907\/en\/wp-json\/wp\/v2\/product"}],"about":[{"href":"https:\/\/actionmall.act.at\/shop\/907\/en\/wp-json\/wp\/v2\/types\/product"}],"wp:featuredmedia":[{"embeddable":true,"href":"https:\/\/actionmall.act.at\/shop\/907\/en\/wp-json\/wp\/v2\/media\/266"}],"wp:attachment":[{"href":"https:\/\/actionmall.act.at\/shop\/907\/en\/wp-json\/wp\/v2\/media?parent=265"}],"wp:term":[{"taxonomy":"product_cat","embeddable":true,"href":"https:\/\/actionmall.act.at\/shop\/907\/en\/wp-json\/wp\/v2\/product_cat?post=265"},{"taxonomy":"product_tag","embeddable":true,"href":"https:\/\/actionmall.act.at\/shop\/907\/en\/wp-json\/wp\/v2\/product_tag?post=265"}],"curies":[{"name":"wp","href":"https:\/\/api.w.org\/{rel}","templated":true}]}}