{"id":285,"date":"2024-11-11T14:26:24","date_gmt":"2024-11-11T13:26:24","guid":{"rendered":"https:\/\/actionmall.act.at\/shop\/907\/?post_type=product&#038;p=285"},"modified":"2024-11-11T14:26:24","modified_gmt":"2024-11-11T13:26:24","slug":"weihnachts-butler-bertram","status":"publish","type":"product","link":"https:\/\/actionmall.act.at\/shop\/907\/en\/produkt\/weihnachts-butler-bertram\/","title":{"rendered":"Weihnachts-Butler &#8220;Bertram&#8221;"},"content":{"rendered":"<p><strong>Weihnachtsbutler-Roboter \u2013 Der kleine Helfer f\u00fcr die ganze Familie!<br \/>\n<\/strong>Unser charmantes, interaktives Helferlein begeistert Kinder und Erwachsene gleicherma\u00dfen und ist die perfekte Erg\u00e4nzung f\u00fcr Ihr festlich geschm\u00fccktes Zuhause.<\/p>\n<p><strong>Ihre W\u00fcnsche \u2013 auf ein Wort:<\/strong><br \/>\nDank der Sprachsteuerung reagiert der Weihnachtsbutler-Roboter auf Ihre Anweisungen! \u00dcber die benutzerfreundliche App k\u00f6nnen Sie ihm individuelle Befehle einprogrammieren.\u00a0F\u00fcr noch mehr Kontrolle kann der Roboter direkt \u00fcber die App gesteuert werden \u2013 Sie entscheiden, wann und wohin er sich bewegen soll. Die intuitive App macht es einfach, seine Bewegungen und Aufgaben anzupassen.<\/p>\n<p><strong>Passend gekleidet f\u00fcr jeden Anlass:<\/strong><br \/>\nDer Weihnachtsbutler kann sich je nach Anlass verkleiden und so f\u00fcr zus\u00e4tzliche Festtagsstimmung sorgen. Ob mit Nikolausm\u00fctze zur Weihnachtszeit oder Hasenohren zu Ostern \u2013 er passt sich immer der Jahreszeit an und bringt noch mehr Freude in jedes Fest.<\/p>\n<p>&nbsp;<\/p>\n","protected":false},"excerpt":{"rendered":"<p>Weihnachtsbutler-Roboter \u2013 Der kleine Helfer f\u00fcr die ganze Familie! Unser charmantes, interaktives Helferlein begeistert Kinder und Erwachsene gleicherma\u00dfen und ist die perfekte Erg\u00e4nzung f\u00fcr Ihr festlich geschm\u00fccktes Zuhause. Ihre W\u00fcnsche \u2013 auf ein Wort: Dank der Sprachsteuerung reagiert der Weihnachtsbutler-Roboter auf Ihre Anweisungen! \u00dcber die benutzerfreundliche App k\u00f6nnen Sie ihm individuelle Befehle einprogrammieren.\u00a0F\u00fcr noch mehr [&hellip;]<\/p>\n","protected":false},"featured_media":286,"template":"","meta":[],"product_cat":[],"product_tag":[],"class_list":{"0":"post-285","1":"product","2":"type-product","3":"status-publish","4":"has-post-thumbnail","7":"first","8":"instock","9":"taxable","10":"shipping-taxable","11":"purchasable","12":"product-type-simple"},"_links":{"self":[{"href":"https:\/\/actionmall.act.at\/shop\/907\/en\/wp-json\/wp\/v2\/product\/285"}],"collection":[{"href":"https:\/\/actionmall.act.at\/shop\/907\/en\/wp-json\/wp\/v2\/product"}],"about":[{"href":"https:\/\/actionmall.act.at\/shop\/907\/en\/wp-json\/wp\/v2\/types\/product"}],"wp:featuredmedia":[{"embeddable":true,"href":"https:\/\/actionmall.act.at\/shop\/907\/en\/wp-json\/wp\/v2\/media\/286"}],"wp:attachment":[{"href":"https:\/\/actionmall.act.at\/shop\/907\/en\/wp-json\/wp\/v2\/media?parent=285"}],"wp:term":[{"taxonomy":"product_cat","embeddable":true,"href":"https:\/\/actionmall.act.at\/shop\/907\/en\/wp-json\/wp\/v2\/product_cat?post=285"},{"taxonomy":"product_tag","embeddable":true,"href":"https:\/\/actionmall.act.at\/shop\/907\/en\/wp-json\/wp\/v2\/product_tag?post=285"}],"curies":[{"name":"wp","href":"https:\/\/api.w.org\/{rel}","templated":true}]}}