{"id":326,"date":"2025-02-27T09:41:45","date_gmt":"2025-02-27T08:41:45","guid":{"rendered":"https:\/\/actionmall.act.at\/shop\/907\/?post_type=product&#038;p=326"},"modified":"2025-02-27T09:41:54","modified_gmt":"2025-02-27T08:41:54","slug":"robobunny","status":"publish","type":"product","link":"https:\/\/actionmall.act.at\/shop\/907\/en\/produkt\/robobunny\/","title":{"rendered":"RoboBunny"},"content":{"rendered":"<p><span data-teams=\"true\"><em>RoboBunny<\/em> ist ein smarter Roboterhase, der Ostereier versteckt, mit Kindern spricht und lustige Osterlieder singt. Mit seinen beweglichen Ohren, LED-Augen und sanften Ber\u00fchrungssensoren reagiert er interaktiv. Dank seiner R\u00e4der bewegt er sich autonom und sorgt f\u00fcr ein einzigartiges Ostererlebnis.<\/span><\/p>\n","protected":false},"excerpt":{"rendered":"<p>RoboBunny ist ein smarter Roboterhase, der Ostereier versteckt, mit Kindern spricht und lustige Osterlieder singt. Mit seinen beweglichen Ohren, LED-Augen und sanften Ber\u00fchrungssensoren reagiert er interaktiv. Dank seiner R\u00e4der bewegt er sich autonom und sorgt f\u00fcr ein einzigartiges Ostererlebnis.<\/p>\n","protected":false},"featured_media":327,"template":"","meta":[],"product_cat":[],"product_tag":[],"class_list":{"0":"post-326","1":"product","2":"type-product","3":"status-publish","4":"has-post-thumbnail","7":"first","8":"instock","9":"taxable","10":"shipping-taxable","11":"purchasable","12":"product-type-simple"},"_links":{"self":[{"href":"https:\/\/actionmall.act.at\/shop\/907\/en\/wp-json\/wp\/v2\/product\/326"}],"collection":[{"href":"https:\/\/actionmall.act.at\/shop\/907\/en\/wp-json\/wp\/v2\/product"}],"about":[{"href":"https:\/\/actionmall.act.at\/shop\/907\/en\/wp-json\/wp\/v2\/types\/product"}],"wp:featuredmedia":[{"embeddable":true,"href":"https:\/\/actionmall.act.at\/shop\/907\/en\/wp-json\/wp\/v2\/media\/327"}],"wp:attachment":[{"href":"https:\/\/actionmall.act.at\/shop\/907\/en\/wp-json\/wp\/v2\/media?parent=326"}],"wp:term":[{"taxonomy":"product_cat","embeddable":true,"href":"https:\/\/actionmall.act.at\/shop\/907\/en\/wp-json\/wp\/v2\/product_cat?post=326"},{"taxonomy":"product_tag","embeddable":true,"href":"https:\/\/actionmall.act.at\/shop\/907\/en\/wp-json\/wp\/v2\/product_tag?post=326"}],"curies":[{"name":"wp","href":"https:\/\/api.w.org\/{rel}","templated":true}]}}