{"id":395,"date":"2025-10-20T10:31:53","date_gmt":"2025-10-20T08:31:53","guid":{"rendered":"https:\/\/actionmall.act.at\/shop\/907\/?post_type=product&#038;p=395"},"modified":"2025-10-20T10:31:53","modified_gmt":"2025-10-20T08:31:53","slug":"cutterbot","status":"publish","type":"product","link":"https:\/\/actionmall.act.at\/shop\/907\/en\/produkt\/cutterbot\/","title":{"rendered":"CutterBot"},"content":{"rendered":"<p>Mit dem CutterBot wird das Schneiden in der K\u00fcche zum Kinderspiel! Egal ob Gem\u00fcse, Fleisch oder andere Zutaten \u2013 dieser leistungsstarke K\u00fcchenroboter verarbeitet alles schnell, pr\u00e4zise und gleichm\u00e4\u00dfig. Dank verschiedener Schneideaufs\u00e4tze kannst du die Dicke und Form der Scheiben ganz nach deinen W\u00fcnschen anpassen. Der robuste Motor sorgt f\u00fcr kraftvolles Schneiden, w\u00e4hrend das kompakte Design wenig Platz in deiner K\u00fcche einnimmt. Einfach zu bedienen und leicht zu reinigen, ist der CutterBot der perfekte Helfer, um deine Kochzeit zu verk\u00fcrzen und gleichzeitig perfekte Ergebnisse zu erzielen. Ideal f\u00fcr alle, die Wert auf Qualit\u00e4t und Effizienz beim Kochen legen!<\/p>\n","protected":false},"excerpt":{"rendered":"<p>Mit dem CutterBot wird das Schneiden in der K\u00fcche zum Kinderspiel! Egal ob Gem\u00fcse, Fleisch oder andere Zutaten \u2013 dieser leistungsstarke K\u00fcchenroboter verarbeitet alles schnell, pr\u00e4zise und gleichm\u00e4\u00dfig. Dank verschiedener Schneideaufs\u00e4tze kannst du die Dicke und Form der Scheiben ganz nach deinen W\u00fcnschen anpassen. Der robuste Motor sorgt f\u00fcr kraftvolles Schneiden, w\u00e4hrend das kompakte Design [&hellip;]<\/p>\n","protected":false},"featured_media":396,"template":"","meta":[],"product_cat":[],"product_tag":[],"class_list":{"0":"post-395","1":"product","2":"type-product","3":"status-publish","4":"has-post-thumbnail","7":"first","8":"instock","9":"taxable","10":"shipping-taxable","11":"purchasable","12":"product-type-simple"},"_links":{"self":[{"href":"https:\/\/actionmall.act.at\/shop\/907\/en\/wp-json\/wp\/v2\/product\/395"}],"collection":[{"href":"https:\/\/actionmall.act.at\/shop\/907\/en\/wp-json\/wp\/v2\/product"}],"about":[{"href":"https:\/\/actionmall.act.at\/shop\/907\/en\/wp-json\/wp\/v2\/types\/product"}],"wp:featuredmedia":[{"embeddable":true,"href":"https:\/\/actionmall.act.at\/shop\/907\/en\/wp-json\/wp\/v2\/media\/396"}],"wp:attachment":[{"href":"https:\/\/actionmall.act.at\/shop\/907\/en\/wp-json\/wp\/v2\/media?parent=395"}],"wp:term":[{"taxonomy":"product_cat","embeddable":true,"href":"https:\/\/actionmall.act.at\/shop\/907\/en\/wp-json\/wp\/v2\/product_cat?post=395"},{"taxonomy":"product_tag","embeddable":true,"href":"https:\/\/actionmall.act.at\/shop\/907\/en\/wp-json\/wp\/v2\/product_tag?post=395"}],"curies":[{"name":"wp","href":"https:\/\/api.w.org\/{rel}","templated":true}]}}